{"id":20959,"date":"2025-04-20T12:08:02","date_gmt":"2025-04-20T10:08:02","guid":{"rendered":"https:\/\/herbaltattoo.eu\/produkt\/kostky\/"},"modified":"2026-02-15T18:30:09","modified_gmt":"2026-02-15T17:30:09","slug":"kostky","status":"publish","type":"product","link":"https:\/\/herbaltattoo.eu\/cs\/produkt\/kostky\/","title":{"rendered":"Kostky"},"content":{"rendered":"<p>Tetov\u00e1n\u00ed hrac\u00edch kostek symbolizuje riziko, n\u00e1hodu, \u0161t\u011bst\u00ed a \u017eivotn\u00ed hru \u2013 je to znak pro ty, kte\u0159\u00ed v\u011b\u0159\u00ed v osud, nebo naopak r\u00e1di berou v\u011bci do vlastn\u00edch rukou a hraj\u00ed va banque. M\u016f\u017ee znamenat odvahu p\u0159i rozhodov\u00e1n\u00ed, p\u0159ipravenost na nep\u0159edv\u00eddatelnost \u017eivota, ale tak\u00e9 svobodu, hazard nebo nez\u00e1vislost na pravidlech. Pro mnoh\u00e9 je to tak\u00e9 symbol \u0161t\u011bst\u00ed \u2013 zejm\u00e9na kdy\u017e jsou zobrazeny \u0161\u0165astn\u00e9 hody, jako nap\u0159\u00edklad dvojit\u00e1 \u0161estka.  <\/p>\n","protected":false},"excerpt":{"rendered":"<p>Tetov\u00e1n\u00ed hrac\u00edch kostek symbolizuje riziko, n\u00e1hodu, \u0161t\u011bst\u00ed a \u017eivotn\u00ed hru \u2013 je to znak pro ty, kte\u0159\u00ed v\u011b\u0159\u00ed v osud, nebo naopak r\u00e1di berou v\u011bci do vlastn\u00edch rukou a hraj\u00ed va banque. M\u016f\u017ee znamenat odvahu p\u0159i rozhodov\u00e1n\u00ed, p\u0159ipravenost na nep\u0159edv\u00eddatelnost \u017eivota, ale tak\u00e9 svobodu, hazard nebo nez\u00e1vislost na pravidlech. Pro mnoh\u00e9 je to tak\u00e9 symbol&#8230;<\/p>\n","protected":false},"featured_media":20960,"template":"","meta":{"_monsterinsights_skip_tracking":false,"_monsterinsights_sitenote_active":false,"_monsterinsights_sitenote_note":"","_monsterinsights_sitenote_category":0,"_kadence_starter_templates_imported_post":false,"_kad_post_transparent":"","_kad_post_title":"","_kad_post_layout":"","_kad_post_sidebar_id":"","_kad_post_content_style":"","_kad_post_vertical_padding":"","_kad_post_feature":"","_kad_post_feature_position":"","_kad_post_header":false,"_kad_post_footer":false,"_kad_post_classname":""},"product_brand":[],"product_cat":[84,77],"product_tag":[],"class_list":{"0":"post-20959","1":"product","2":"type-product","3":"status-publish","4":"has-post-thumbnail","6":"product_cat-minimalisticke","7":"product_cat-vse","9":"first","10":"instock","11":"taxable","12":"shipping-taxable","13":"purchasable","14":"product-type-simple","15":"entry","16":"content-bg","17":"loop-entry"},"jetpack_sharing_enabled":true,"_links":{"self":[{"href":"https:\/\/herbaltattoo.eu\/cs\/wp-json\/wp\/v2\/product\/20959","targetHints":{"allow":["GET"]}}],"collection":[{"href":"https:\/\/herbaltattoo.eu\/cs\/wp-json\/wp\/v2\/product"}],"about":[{"href":"https:\/\/herbaltattoo.eu\/cs\/wp-json\/wp\/v2\/types\/product"}],"wp:featuredmedia":[{"embeddable":true,"href":"https:\/\/herbaltattoo.eu\/cs\/wp-json\/wp\/v2\/media\/20960"}],"wp:attachment":[{"href":"https:\/\/herbaltattoo.eu\/cs\/wp-json\/wp\/v2\/media?parent=20959"}],"wp:term":[{"taxonomy":"product_brand","embeddable":true,"href":"https:\/\/herbaltattoo.eu\/cs\/wp-json\/wp\/v2\/product_brand?post=20959"},{"taxonomy":"product_cat","embeddable":true,"href":"https:\/\/herbaltattoo.eu\/cs\/wp-json\/wp\/v2\/product_cat?post=20959"},{"taxonomy":"product_tag","embeddable":true,"href":"https:\/\/herbaltattoo.eu\/cs\/wp-json\/wp\/v2\/product_tag?post=20959"}],"curies":[{"name":"wp","href":"https:\/\/api.w.org\/{rel}","templated":true}]}}