{"id":20951,"date":"2025-04-20T12:21:27","date_gmt":"2025-04-20T10:21:27","guid":{"rendered":"https:\/\/herbaltattoo.eu\/produkt\/nadeje\/"},"modified":"2026-02-15T18:30:08","modified_gmt":"2026-02-15T17:30:08","slug":"nadeje","status":"publish","type":"product","link":"https:\/\/herbaltattoo.eu\/cs\/produkt\/nadeje\/","title":{"rendered":"Nad\u011bje"},"content":{"rendered":"<p>Tetov\u00e1n\u00ed symbolizuj\u00edc\u00ed nad\u011bji vyjad\u0159uje v\u00edru v lep\u0161\u00ed z\u00edt\u0159ky, sv\u011btlo v temnot\u011b a s\u00edlu j\u00edt d\u00e1l navzdory p\u0159ek\u00e1\u017ek\u00e1m. M\u016f\u017ee znamenat nov\u00e9 za\u010d\u00e1tky, uzdraven\u00ed, znovuzrozen\u00ed po t\u011b\u017ek\u00fdch chv\u00edl\u00edch nebo prost\u011b vnit\u0159n\u00ed p\u0159esv\u011bd\u010den\u00ed, \u017ee v\u0161e m\u00e1 smysl a \u017ee i po nejtemn\u011bj\u0161\u00ed noci p\u0159ijde den. Je to tich\u00fd, ale mocn\u00fd symbol vytrvalosti a optimismu zako\u0159en\u011bn\u00e9ho hluboko v srdci.  <\/p>\n","protected":false},"excerpt":{"rendered":"<p>Tetov\u00e1n\u00ed symbolizuj\u00edc\u00ed nad\u011bji vyjad\u0159uje v\u00edru v lep\u0161\u00ed z\u00edt\u0159ky, sv\u011btlo v temnot\u011b a s\u00edlu j\u00edt d\u00e1l navzdory p\u0159ek\u00e1\u017ek\u00e1m. M\u016f\u017ee znamenat nov\u00e9 za\u010d\u00e1tky, uzdraven\u00ed, znovuzrozen\u00ed po t\u011b\u017ek\u00fdch chv\u00edl\u00edch nebo prost\u011b vnit\u0159n\u00ed p\u0159esv\u011bd\u010den\u00ed, \u017ee v\u0161e m\u00e1 smysl a \u017ee i po nejtemn\u011bj\u0161\u00ed noci p\u0159ijde den. Je to tich\u00fd, ale mocn\u00fd symbol vytrvalosti a optimismu zako\u0159en\u011bn\u00e9ho hluboko v srdci.<\/p>\n","protected":false},"featured_media":20952,"template":"","meta":{"_monsterinsights_skip_tracking":false,"_monsterinsights_sitenote_active":false,"_monsterinsights_sitenote_note":"","_monsterinsights_sitenote_category":0,"_kadence_starter_templates_imported_post":false,"_kad_post_transparent":"","_kad_post_title":"","_kad_post_layout":"","_kad_post_sidebar_id":"","_kad_post_content_style":"","_kad_post_vertical_padding":"","_kad_post_feature":"","_kad_post_feature_position":"","_kad_post_header":false,"_kad_post_footer":false,"_kad_post_classname":""},"product_brand":[],"product_cat":[84,77],"product_tag":[],"class_list":{"0":"post-20951","1":"product","2":"type-product","3":"status-publish","4":"has-post-thumbnail","6":"product_cat-minimalisticke","7":"product_cat-vse","9":"first","10":"instock","11":"taxable","12":"shipping-taxable","13":"purchasable","14":"product-type-simple","15":"entry","16":"content-bg","17":"loop-entry"},"jetpack_sharing_enabled":true,"_links":{"self":[{"href":"https:\/\/herbaltattoo.eu\/cs\/wp-json\/wp\/v2\/product\/20951","targetHints":{"allow":["GET"]}}],"collection":[{"href":"https:\/\/herbaltattoo.eu\/cs\/wp-json\/wp\/v2\/product"}],"about":[{"href":"https:\/\/herbaltattoo.eu\/cs\/wp-json\/wp\/v2\/types\/product"}],"wp:featuredmedia":[{"embeddable":true,"href":"https:\/\/herbaltattoo.eu\/cs\/wp-json\/wp\/v2\/media\/20952"}],"wp:attachment":[{"href":"https:\/\/herbaltattoo.eu\/cs\/wp-json\/wp\/v2\/media?parent=20951"}],"wp:term":[{"taxonomy":"product_brand","embeddable":true,"href":"https:\/\/herbaltattoo.eu\/cs\/wp-json\/wp\/v2\/product_brand?post=20951"},{"taxonomy":"product_cat","embeddable":true,"href":"https:\/\/herbaltattoo.eu\/cs\/wp-json\/wp\/v2\/product_cat?post=20951"},{"taxonomy":"product_tag","embeddable":true,"href":"https:\/\/herbaltattoo.eu\/cs\/wp-json\/wp\/v2\/product_tag?post=20951"}],"curies":[{"name":"wp","href":"https:\/\/api.w.org\/{rel}","templated":true}]}}