{"id":20943,"date":"2025-04-20T14:59:17","date_gmt":"2025-04-20T12:59:17","guid":{"rendered":"https:\/\/herbaltattoo.eu\/produkt\/blesk-rukav\/"},"modified":"2026-02-15T18:29:51","modified_gmt":"2026-02-15T17:29:51","slug":"blesk-rukav","status":"publish","type":"product","link":"https:\/\/herbaltattoo.eu\/cs\/produkt\/blesk-rukav\/","title":{"rendered":"Blesk RUK\u00c1V"},"content":{"rendered":"<p>Tetov\u00e1n\u00ed ruk\u00e1vu s bleskem je siln\u00fd a dynamick\u00fd motiv, kter\u00fd symbolizuje s\u00edlu, energii, transformaci a nezkrotnou moc p\u0159\u00edrody. Blesk m\u016f\u017ee\u0161 um\u00edstit jako hlavn\u00ed prvek t\u00e1hnouc\u00ed se po cel\u00e9 ruce, nebo ho za\u010dlenit do pozad\u00ed s p\u0159\u00edrodn\u00edmi prvky, jako je bou\u0159e, mraky, stromy nebo hory. M\u016f\u017ee\u0161 ho spojit s abstraktn\u00edmi liniemi, geometrick\u00fdmi tvary nebo stylem blackwork, abys mu dal modern\u00ed vzhled. Tento typ tetov\u00e1n\u00ed m\u00e1 intenzivn\u00ed symboliku a ur\u010dit\u011b p\u0159itahuje pozornost.   <\/p>\n","protected":false},"excerpt":{"rendered":"<p>Tetov\u00e1n\u00ed ruk\u00e1vu s bleskem je siln\u00fd a dynamick\u00fd motiv, kter\u00fd symbolizuje s\u00edlu, energii, transformaci a nezkrotnou moc p\u0159\u00edrody. Blesk m\u016f\u017ee\u0161 um\u00edstit jako hlavn\u00ed prvek t\u00e1hnouc\u00ed se po cel\u00e9 ruce, nebo ho za\u010dlenit do pozad\u00ed s p\u0159\u00edrodn\u00edmi prvky, jako je bou\u0159e, mraky, stromy nebo hory. M\u016f\u017ee\u0161 ho spojit s abstraktn\u00edmi liniemi, geometrick\u00fdmi tvary nebo stylem blackwork,&#8230;<\/p>\n","protected":false},"featured_media":20944,"template":"","meta":{"_monsterinsights_skip_tracking":false,"_monsterinsights_sitenote_active":false,"_monsterinsights_sitenote_note":"","_monsterinsights_sitenote_category":0,"_kadence_starter_templates_imported_post":false,"_kad_post_transparent":"","_kad_post_title":"","_kad_post_layout":"","_kad_post_sidebar_id":"","_kad_post_content_style":"","_kad_post_vertical_padding":"","_kad_post_feature":"","_kad_post_feature_position":"","_kad_post_header":false,"_kad_post_footer":false,"_kad_post_classname":""},"product_brand":[],"product_cat":[88,77],"product_tag":[],"class_list":{"0":"post-20943","1":"product","2":"type-product","3":"status-publish","4":"has-post-thumbnail","6":"product_cat-rukavy","7":"product_cat-vse","9":"first","10":"instock","11":"taxable","12":"shipping-taxable","13":"purchasable","14":"product-type-simple","15":"entry","16":"content-bg","17":"loop-entry"},"jetpack_sharing_enabled":true,"_links":{"self":[{"href":"https:\/\/herbaltattoo.eu\/cs\/wp-json\/wp\/v2\/product\/20943","targetHints":{"allow":["GET"]}}],"collection":[{"href":"https:\/\/herbaltattoo.eu\/cs\/wp-json\/wp\/v2\/product"}],"about":[{"href":"https:\/\/herbaltattoo.eu\/cs\/wp-json\/wp\/v2\/types\/product"}],"wp:featuredmedia":[{"embeddable":true,"href":"https:\/\/herbaltattoo.eu\/cs\/wp-json\/wp\/v2\/media\/20944"}],"wp:attachment":[{"href":"https:\/\/herbaltattoo.eu\/cs\/wp-json\/wp\/v2\/media?parent=20943"}],"wp:term":[{"taxonomy":"product_brand","embeddable":true,"href":"https:\/\/herbaltattoo.eu\/cs\/wp-json\/wp\/v2\/product_brand?post=20943"},{"taxonomy":"product_cat","embeddable":true,"href":"https:\/\/herbaltattoo.eu\/cs\/wp-json\/wp\/v2\/product_cat?post=20943"},{"taxonomy":"product_tag","embeddable":true,"href":"https:\/\/herbaltattoo.eu\/cs\/wp-json\/wp\/v2\/product_tag?post=20943"}],"curies":[{"name":"wp","href":"https:\/\/api.w.org\/{rel}","templated":true}]}}