{"id":20940,"date":"2025-04-20T14:23:06","date_gmt":"2025-04-20T12:23:06","guid":{"rendered":"https:\/\/herbaltattoo.eu\/produkt\/jezis-rukav\/"},"modified":"2026-02-15T18:29:51","modified_gmt":"2026-02-15T17:29:51","slug":"jezis-rukav","status":"publish","type":"product","link":"https:\/\/herbaltattoo.eu\/cs\/produkt\/jezis-rukav\/","title":{"rendered":"Je\u017e\u00ed\u0161 RUK\u00c1V"},"content":{"rendered":"<p>Tetov\u00e1n\u00ed Je\u017e\u00ed\u0161e na ruk\u00e1vu je symbolem v\u00edry, oddanosti a duchovn\u00ed s\u00edly. M\u016f\u017ee zobrazovat Je\u017e\u00ed\u0161e na k\u0159\u00ed\u017ei, se srdcem probodnut\u00fdm kop\u00edm nebo klidnou tv\u00e1\u0159 plnou l\u00e1sky. Motivy jako k\u0159\u00ed\u017e, holubice \u010di trnov\u00e1 koruna dopl\u0148uj\u00ed poselstv\u00ed. Takov\u00e9 tetov\u00e1n\u00ed symbolizuje Je\u017e\u00ed\u0161ovu ob\u011b\u0165, Jeho l\u00e1sku, ochranu a nad\u011bji na sp\u00e1su.   <\/p>\n","protected":false},"excerpt":{"rendered":"<p>Tetov\u00e1n\u00ed Je\u017e\u00ed\u0161e na ruk\u00e1vu je symbolem v\u00edry, oddanosti a duchovn\u00ed s\u00edly. M\u016f\u017ee zobrazovat Je\u017e\u00ed\u0161e na k\u0159\u00ed\u017ei, se srdcem probodnut\u00fdm kop\u00edm nebo klidnou tv\u00e1\u0159 plnou l\u00e1sky. Motivy jako k\u0159\u00ed\u017e, holubice \u010di trnov\u00e1 koruna dopl\u0148uj\u00ed poselstv\u00ed. Takov\u00e9 tetov\u00e1n\u00ed symbolizuje Je\u017e\u00ed\u0161ovu ob\u011b\u0165, Jeho l\u00e1sku, ochranu a nad\u011bji na sp\u00e1su.<\/p>\n","protected":false},"featured_media":20942,"template":"","meta":{"_monsterinsights_skip_tracking":false,"_monsterinsights_sitenote_active":false,"_monsterinsights_sitenote_note":"","_monsterinsights_sitenote_category":0,"_kadence_starter_templates_imported_post":false,"_kad_post_transparent":"","_kad_post_title":"","_kad_post_layout":"","_kad_post_sidebar_id":"","_kad_post_content_style":"","_kad_post_vertical_padding":"","_kad_post_feature":"","_kad_post_feature_position":"","_kad_post_header":false,"_kad_post_footer":false,"_kad_post_classname":""},"product_brand":[],"product_cat":[88,77],"product_tag":[],"class_list":{"0":"post-20940","1":"product","2":"type-product","3":"status-publish","4":"has-post-thumbnail","6":"product_cat-rukavy","7":"product_cat-vse","9":"first","10":"instock","11":"taxable","12":"shipping-taxable","13":"purchasable","14":"product-type-simple","15":"entry","16":"content-bg","17":"loop-entry"},"jetpack_sharing_enabled":true,"_links":{"self":[{"href":"https:\/\/herbaltattoo.eu\/cs\/wp-json\/wp\/v2\/product\/20940","targetHints":{"allow":["GET"]}}],"collection":[{"href":"https:\/\/herbaltattoo.eu\/cs\/wp-json\/wp\/v2\/product"}],"about":[{"href":"https:\/\/herbaltattoo.eu\/cs\/wp-json\/wp\/v2\/types\/product"}],"wp:featuredmedia":[{"embeddable":true,"href":"https:\/\/herbaltattoo.eu\/cs\/wp-json\/wp\/v2\/media\/20942"}],"wp:attachment":[{"href":"https:\/\/herbaltattoo.eu\/cs\/wp-json\/wp\/v2\/media?parent=20940"}],"wp:term":[{"taxonomy":"product_brand","embeddable":true,"href":"https:\/\/herbaltattoo.eu\/cs\/wp-json\/wp\/v2\/product_brand?post=20940"},{"taxonomy":"product_cat","embeddable":true,"href":"https:\/\/herbaltattoo.eu\/cs\/wp-json\/wp\/v2\/product_cat?post=20940"},{"taxonomy":"product_tag","embeddable":true,"href":"https:\/\/herbaltattoo.eu\/cs\/wp-json\/wp\/v2\/product_tag?post=20940"}],"curies":[{"name":"wp","href":"https:\/\/api.w.org\/{rel}","templated":true}]}}