{"id":20936,"date":"2025-05-26T14:02:56","date_gmt":"2025-05-26T12:02:56","guid":{"rendered":"https:\/\/herbaltattoo.eu\/produkt\/ak47\/"},"modified":"2026-02-15T18:29:51","modified_gmt":"2026-02-15T17:29:51","slug":"ak47","status":"publish","type":"product","link":"https:\/\/herbaltattoo.eu\/cs\/produkt\/ak47\/","title":{"rendered":"AK47"},"content":{"rendered":"","protected":false},"excerpt":{"rendered":"<p>Tetov\u00e1n\u00ed AK-47 symbolizuje s\u00edlu, boj a p\u0159e\u017eit\u00ed, ale jeho v\u00fdznam z\u00e1vis\u00ed na kontextu. M\u016f\u017ee b\u00fdt znakem vzpoury, odporu v\u016f\u010di syst\u00e9mu nebo fascinace v\u00e1lkou a militariemi. V krimin\u00e1ln\u00edch kruz\u00edch b\u00fdv\u00e1 spojov\u00e1no s n\u00e1sil\u00edm, gangy a statusem. Pro n\u011bkter\u00e9 je to osobn\u00ed symbol p\u0159ekon\u00e1n\u00ed t\u011b\u017ek\u00fdch zku\u0161enost\u00ed nebo zp\u016fsob vyj\u00e1d\u0159en\u00ed tvrd\u00e9 povahy. N\u011bkdy je vyb\u00edr\u00e1no jednodu\u0161e kv\u016fli siln\u00e9mu, hroziv\u00e9mu vzhledu.    <\/p>\n","protected":false},"featured_media":20937,"template":"","meta":{"_monsterinsights_skip_tracking":false,"_monsterinsights_sitenote_active":false,"_monsterinsights_sitenote_note":"","_monsterinsights_sitenote_category":0,"_kadence_starter_templates_imported_post":false,"_kad_post_transparent":"","_kad_post_title":"","_kad_post_layout":"","_kad_post_sidebar_id":"","_kad_post_content_style":"","_kad_post_vertical_padding":"","_kad_post_feature":"","_kad_post_feature_position":"","_kad_post_header":false,"_kad_post_footer":false,"_kad_post_classname":""},"product_brand":[],"product_cat":[80,77],"product_tag":[],"class_list":{"0":"post-20936","1":"product","2":"type-product","3":"status-publish","4":"has-post-thumbnail","6":"product_cat-plne-tetovani","7":"product_cat-vse","9":"first","10":"instock","11":"taxable","12":"shipping-taxable","13":"purchasable","14":"product-type-simple","15":"entry","16":"content-bg","17":"loop-entry"},"jetpack_sharing_enabled":true,"_links":{"self":[{"href":"https:\/\/herbaltattoo.eu\/cs\/wp-json\/wp\/v2\/product\/20936","targetHints":{"allow":["GET"]}}],"collection":[{"href":"https:\/\/herbaltattoo.eu\/cs\/wp-json\/wp\/v2\/product"}],"about":[{"href":"https:\/\/herbaltattoo.eu\/cs\/wp-json\/wp\/v2\/types\/product"}],"wp:featuredmedia":[{"embeddable":true,"href":"https:\/\/herbaltattoo.eu\/cs\/wp-json\/wp\/v2\/media\/20937"}],"wp:attachment":[{"href":"https:\/\/herbaltattoo.eu\/cs\/wp-json\/wp\/v2\/media?parent=20936"}],"wp:term":[{"taxonomy":"product_brand","embeddable":true,"href":"https:\/\/herbaltattoo.eu\/cs\/wp-json\/wp\/v2\/product_brand?post=20936"},{"taxonomy":"product_cat","embeddable":true,"href":"https:\/\/herbaltattoo.eu\/cs\/wp-json\/wp\/v2\/product_cat?post=20936"},{"taxonomy":"product_tag","embeddable":true,"href":"https:\/\/herbaltattoo.eu\/cs\/wp-json\/wp\/v2\/product_tag?post=20936"}],"curies":[{"name":"wp","href":"https:\/\/api.w.org\/{rel}","templated":true}]}}