{"id":20922,"date":"2025-05-26T14:15:48","date_gmt":"2025-05-26T12:15:48","guid":{"rendered":"https:\/\/herbaltattoo.eu\/produkt\/motyl\/"},"modified":"2026-02-15T18:29:50","modified_gmt":"2026-02-15T17:29:50","slug":"motyl","status":"publish","type":"product","link":"https:\/\/herbaltattoo.eu\/cs\/produkt\/motyl\/","title":{"rendered":"Mot\u00fdl"},"content":{"rendered":"<p>Tetov\u00e1n\u00ed mot\u00fdla symbolizuje prom\u011bnu, svobodu a znovuzrozen\u00ed. \u010casto se spojuje s osobn\u00edm r\u016fstem, p\u0159ekon\u00e1n\u00edm t\u011b\u017ek\u00e9ho \u017eivotn\u00edho obdob\u00ed a vyjit\u00edm z n\u011bj siln\u011bj\u0161\u00ed. Je to tak\u00e9 znak lehkosti, kr\u00e1sy a pom\u00edjivosti okam\u017eiku. V mnoha kultur\u00e1ch je mot\u00fdl spojen s du\u0161\u00ed a duchovnem. Je to jemn\u00fd, ale hlubok\u00fd symbol nov\u00e9ho za\u010d\u00e1tku a vnit\u0159n\u00ed s\u00edly.    <\/p>\n","protected":false},"excerpt":{"rendered":"<p>Tetov\u00e1n\u00ed mot\u00fdla symbolizuje prom\u011bnu, svobodu a znovuzrozen\u00ed. \u010casto se spojuje s osobn\u00edm r\u016fstem, p\u0159ekon\u00e1n\u00edm t\u011b\u017ek\u00e9ho \u017eivotn\u00edho obdob\u00ed a vyjit\u00edm z n\u011bj siln\u011bj\u0161\u00ed. Je to tak\u00e9 znak lehkosti, kr\u00e1sy a pom\u00edjivosti okam\u017eiku. V mnoha kultur\u00e1ch je mot\u00fdl spojen s du\u0161\u00ed a duchovnem. Je to jemn\u00fd, ale hlubok\u00fd symbol nov\u00e9ho za\u010d\u00e1tku a vnit\u0159n\u00ed s\u00edly.<\/p>\n","protected":false},"featured_media":20923,"template":"","meta":{"_monsterinsights_skip_tracking":false,"_monsterinsights_sitenote_active":false,"_monsterinsights_sitenote_note":"","_monsterinsights_sitenote_category":0,"_kadence_starter_templates_imported_post":false,"_kad_post_transparent":"","_kad_post_title":"","_kad_post_layout":"","_kad_post_sidebar_id":"","_kad_post_content_style":"","_kad_post_vertical_padding":"","_kad_post_feature":"","_kad_post_feature_position":"","_kad_post_header":false,"_kad_post_footer":false,"_kad_post_classname":""},"product_brand":[],"product_cat":[80,77],"product_tag":[],"class_list":{"0":"post-20922","1":"product","2":"type-product","3":"status-publish","4":"has-post-thumbnail","6":"product_cat-plne-tetovani","7":"product_cat-vse","9":"first","10":"instock","11":"taxable","12":"shipping-taxable","13":"purchasable","14":"product-type-simple","15":"entry","16":"content-bg","17":"loop-entry"},"jetpack_sharing_enabled":true,"_links":{"self":[{"href":"https:\/\/herbaltattoo.eu\/cs\/wp-json\/wp\/v2\/product\/20922","targetHints":{"allow":["GET"]}}],"collection":[{"href":"https:\/\/herbaltattoo.eu\/cs\/wp-json\/wp\/v2\/product"}],"about":[{"href":"https:\/\/herbaltattoo.eu\/cs\/wp-json\/wp\/v2\/types\/product"}],"wp:featuredmedia":[{"embeddable":true,"href":"https:\/\/herbaltattoo.eu\/cs\/wp-json\/wp\/v2\/media\/20923"}],"wp:attachment":[{"href":"https:\/\/herbaltattoo.eu\/cs\/wp-json\/wp\/v2\/media?parent=20922"}],"wp:term":[{"taxonomy":"product_brand","embeddable":true,"href":"https:\/\/herbaltattoo.eu\/cs\/wp-json\/wp\/v2\/product_brand?post=20922"},{"taxonomy":"product_cat","embeddable":true,"href":"https:\/\/herbaltattoo.eu\/cs\/wp-json\/wp\/v2\/product_cat?post=20922"},{"taxonomy":"product_tag","embeddable":true,"href":"https:\/\/herbaltattoo.eu\/cs\/wp-json\/wp\/v2\/product_tag?post=20922"}],"curies":[{"name":"wp","href":"https:\/\/api.w.org\/{rel}","templated":true}]}}