{"id":20900,"date":"2025-04-20T13:38:42","date_gmt":"2025-04-20T11:38:42","guid":{"rendered":"https:\/\/herbaltattoo.eu\/produkt\/vlci-rukav\/"},"modified":"2026-02-15T18:30:08","modified_gmt":"2026-02-15T17:30:08","slug":"vlci-rukav","status":"publish","type":"product","link":"https:\/\/herbaltattoo.eu\/cs\/produkt\/vlci-rukav\/","title":{"rendered":"Vl\u010d\u00ed RUK\u00c1V"},"content":{"rendered":"<p class=\"\" data-start=\"79\" data-end=\"547\">Tetov\u00e1n\u00ed vlka ve form\u011b ruk\u00e1vu symbolizuje nez\u00e1vislost, instinkt a s\u00edlu p\u0159e\u017eit\u00ed. Vlk je zv\u00ed\u0159e loaj\u00e1ln\u00ed ke sv\u00e9 sme\u010dce, proto je \u010dasto spojov\u00e1n s rodinou, ochranou a oddanost\u00ed. Z\u00e1rove\u0148 p\u0159edstavuje i samot\u00e1\u0159e \u2013 n\u011bkoho, kdo jde vlastn\u00ed cestou a \u0159\u00edd\u00ed se intuic\u00ed. V ruk\u00e1vu je vlk \u010dasto zobrazen na pozad\u00ed lesa, m\u011bs\u00edce nebo hor, co\u017e zd\u016fraz\u0148uje jeho divokou, svobodnou povahu. Takov\u00e9 tetov\u00e1n\u00ed je manifestac\u00ed osobn\u00ed s\u00edly, odvahy a v\u011brnosti vlastn\u00edm hodnot\u00e1m.    <\/p>\n","protected":false},"excerpt":{"rendered":"<p>Tetov\u00e1n\u00ed vlka ve form\u011b ruk\u00e1vu symbolizuje nez\u00e1vislost, instinkt a s\u00edlu p\u0159e\u017eit\u00ed. Vlk je zv\u00ed\u0159e loaj\u00e1ln\u00ed ke sv\u00e9 sme\u010dce, proto je \u010dasto spojov\u00e1n s rodinou, ochranou a oddanost\u00ed. Z\u00e1rove\u0148 p\u0159edstavuje i samot\u00e1\u0159e \u2013 n\u011bkoho, kdo jde vlastn\u00ed cestou a \u0159\u00edd\u00ed se intuic\u00ed. V ruk\u00e1vu je vlk \u010dasto zobrazen na pozad\u00ed lesa, m\u011bs\u00edce nebo hor, co\u017e zd\u016fraz\u0148uje&#8230;<\/p>\n","protected":false},"featured_media":20901,"template":"","meta":{"_monsterinsights_skip_tracking":false,"_monsterinsights_sitenote_active":false,"_monsterinsights_sitenote_note":"","_monsterinsights_sitenote_category":0,"_kadence_starter_templates_imported_post":false,"_kad_post_transparent":"","_kad_post_title":"","_kad_post_layout":"","_kad_post_sidebar_id":"","_kad_post_content_style":"","_kad_post_vertical_padding":"","_kad_post_feature":"","_kad_post_feature_position":"","_kad_post_header":false,"_kad_post_footer":false,"_kad_post_classname":""},"product_brand":[],"product_cat":[88,77],"product_tag":[],"class_list":{"0":"post-20900","1":"product","2":"type-product","3":"status-publish","4":"has-post-thumbnail","6":"product_cat-rukavy","7":"product_cat-vse","9":"first","10":"outofstock","11":"taxable","12":"shipping-taxable","13":"purchasable","14":"product-type-simple","15":"entry","16":"content-bg","17":"loop-entry"},"jetpack_sharing_enabled":true,"_links":{"self":[{"href":"https:\/\/herbaltattoo.eu\/cs\/wp-json\/wp\/v2\/product\/20900","targetHints":{"allow":["GET"]}}],"collection":[{"href":"https:\/\/herbaltattoo.eu\/cs\/wp-json\/wp\/v2\/product"}],"about":[{"href":"https:\/\/herbaltattoo.eu\/cs\/wp-json\/wp\/v2\/types\/product"}],"wp:featuredmedia":[{"embeddable":true,"href":"https:\/\/herbaltattoo.eu\/cs\/wp-json\/wp\/v2\/media\/20901"}],"wp:attachment":[{"href":"https:\/\/herbaltattoo.eu\/cs\/wp-json\/wp\/v2\/media?parent=20900"}],"wp:term":[{"taxonomy":"product_brand","embeddable":true,"href":"https:\/\/herbaltattoo.eu\/cs\/wp-json\/wp\/v2\/product_brand?post=20900"},{"taxonomy":"product_cat","embeddable":true,"href":"https:\/\/herbaltattoo.eu\/cs\/wp-json\/wp\/v2\/product_cat?post=20900"},{"taxonomy":"product_tag","embeddable":true,"href":"https:\/\/herbaltattoo.eu\/cs\/wp-json\/wp\/v2\/product_tag?post=20900"}],"curies":[{"name":"wp","href":"https:\/\/api.w.org\/{rel}","templated":true}]}}