{"id":20855,"date":"2025-06-06T22:26:22","date_gmt":"2025-06-06T20:26:22","guid":{"rendered":"https:\/\/herbaltattoo.eu\/produkt\/znameni-zverokruhu-blizenci\/"},"modified":"2026-02-15T18:29:31","modified_gmt":"2026-02-15T17:29:31","slug":"znameni-zverokruhu-blizenci","status":"publish","type":"product","link":"https:\/\/herbaltattoo.eu\/cs\/produkt\/znameni-zverokruhu-blizenci\/","title":{"rendered":"ZNAMEN\u00cd ZV\u011aROKRUHU Bl\u00ed\u017eenci"},"content":{"rendered":"<p>Tetov\u00e1n\u00ed s motivem Bl\u00ed\u017eenc\u016f symbolizuje dv\u011b strany jedn\u00e9 osobnosti \u2013 dualismus, prom\u011bnlivost a v\u0161estrannost. Lid\u00e9 z tohoto znamen\u00ed jsou obvykle zv\u011bdav\u00ed na sv\u011bt, spole\u010den\u0161t\u00ed a pln\u00ed energie. Bl\u00ed\u017eenci reprezentuj\u00ed komunikaci, intelekt a schopnost adaptace na r\u016fzn\u00e9 situace. Tetov\u00e1n\u00ed m\u016f\u017ee vyjad\u0159ovat rovnov\u00e1hu mezi srdcem a rozumem nebo pot\u0159ebu svobody a rozmanitosti. Je to tak\u00e9 znamen\u00ed kreativn\u00edch, otev\u0159en\u00fdch lid\u00ed, kte\u0159\u00ed neust\u00e1le hledaj\u00ed nov\u00e9 z\u00e1\u017eitky.    <\/p>\n","protected":false},"excerpt":{"rendered":"<p>Tetov\u00e1n\u00ed s motivem Bl\u00ed\u017eenc\u016f symbolizuje dv\u011b strany jedn\u00e9 osobnosti \u2013 dualismus, prom\u011bnlivost a v\u0161estrannost. Lid\u00e9 z tohoto znamen\u00ed jsou obvykle zv\u011bdav\u00ed na sv\u011bt, spole\u010den\u0161t\u00ed a pln\u00ed energie. Bl\u00ed\u017eenci reprezentuj\u00ed komunikaci, intelekt a schopnost adaptace na r\u016fzn\u00e9 situace. Tetov\u00e1n\u00ed m\u016f\u017ee vyjad\u0159ovat rovnov\u00e1hu mezi srdcem a rozumem nebo pot\u0159ebu svobody a rozmanitosti. Je to tak\u00e9 znamen\u00ed kreativn\u00edch,&#8230;<\/p>\n","protected":false},"featured_media":20856,"template":"","meta":{"_monsterinsights_skip_tracking":false,"_monsterinsights_sitenote_active":false,"_monsterinsights_sitenote_note":"","_monsterinsights_sitenote_category":0,"_kadence_starter_templates_imported_post":false,"_kad_post_transparent":"","_kad_post_title":"","_kad_post_layout":"","_kad_post_sidebar_id":"","_kad_post_content_style":"","_kad_post_vertical_padding":"","_kad_post_feature":"","_kad_post_feature_position":"","_kad_post_header":false,"_kad_post_footer":false,"_kad_post_classname":""},"product_brand":[],"product_cat":[84,77,89],"product_tag":[],"class_list":{"0":"post-20855","1":"product","2":"type-product","3":"status-publish","4":"has-post-thumbnail","6":"product_cat-minimalisticke","7":"product_cat-vse","8":"product_cat-znameni-zverokruhu","10":"first","11":"instock","12":"taxable","13":"shipping-taxable","14":"purchasable","15":"product-type-simple","16":"entry","17":"content-bg","18":"loop-entry"},"jetpack_sharing_enabled":true,"_links":{"self":[{"href":"https:\/\/herbaltattoo.eu\/cs\/wp-json\/wp\/v2\/product\/20855","targetHints":{"allow":["GET"]}}],"collection":[{"href":"https:\/\/herbaltattoo.eu\/cs\/wp-json\/wp\/v2\/product"}],"about":[{"href":"https:\/\/herbaltattoo.eu\/cs\/wp-json\/wp\/v2\/types\/product"}],"wp:featuredmedia":[{"embeddable":true,"href":"https:\/\/herbaltattoo.eu\/cs\/wp-json\/wp\/v2\/media\/20856"}],"wp:attachment":[{"href":"https:\/\/herbaltattoo.eu\/cs\/wp-json\/wp\/v2\/media?parent=20855"}],"wp:term":[{"taxonomy":"product_brand","embeddable":true,"href":"https:\/\/herbaltattoo.eu\/cs\/wp-json\/wp\/v2\/product_brand?post=20855"},{"taxonomy":"product_cat","embeddable":true,"href":"https:\/\/herbaltattoo.eu\/cs\/wp-json\/wp\/v2\/product_cat?post=20855"},{"taxonomy":"product_tag","embeddable":true,"href":"https:\/\/herbaltattoo.eu\/cs\/wp-json\/wp\/v2\/product_tag?post=20855"}],"curies":[{"name":"wp","href":"https:\/\/api.w.org\/{rel}","templated":true}]}}