{"id":20839,"date":"2025-05-26T14:07:09","date_gmt":"2025-05-26T12:07:09","guid":{"rendered":"https:\/\/herbaltattoo.eu\/produkt\/egyptska-kocka\/"},"modified":"2026-02-15T18:29:51","modified_gmt":"2026-02-15T17:29:51","slug":"egyptska-kocka","status":"publish","type":"product","link":"https:\/\/herbaltattoo.eu\/cs\/produkt\/egyptska-kocka\/","title":{"rendered":"Egyptsk\u00e1 ko\u010dka"},"content":{"rendered":"","protected":false},"excerpt":{"rendered":"<p>Tetov\u00e1n\u00ed egyptsk\u00e9 ko\u010dky odkazuje na starov\u011bk\u00fd Egypt, kde byly ko\u010dky uct\u00edv\u00e1ny jako posv\u00e1tn\u00e1 zv\u00ed\u0159ata. Symbolizuj\u00ed tajemnost, intuici, nez\u00e1vislost a ochranu p\u0159ed zl\u00fdmi duchy. \u010casto se spojuje s bohyn\u00ed Bastet \u2013 ochr\u00e1nkyn\u00ed domova, \u017een a plodnosti. Takov\u00e9 tetov\u00e1n\u00ed m\u016f\u017ee tak\u00e9 znamenat vnit\u0159n\u00ed s\u00edlu a smyslnost. Je to elegantn\u00ed motiv pro lidi, kte\u0159\u00ed si v\u00e1\u017e\u00ed duchovnosti, historie a svobody.    <\/p>\n","protected":false},"featured_media":20840,"template":"","meta":{"_monsterinsights_skip_tracking":false,"_monsterinsights_sitenote_active":false,"_monsterinsights_sitenote_note":"","_monsterinsights_sitenote_category":0,"_kadence_starter_templates_imported_post":false,"_kad_post_transparent":"","_kad_post_title":"","_kad_post_layout":"","_kad_post_sidebar_id":"","_kad_post_content_style":"","_kad_post_vertical_padding":"","_kad_post_feature":"","_kad_post_feature_position":"","_kad_post_header":false,"_kad_post_footer":false,"_kad_post_classname":""},"product_brand":[],"product_cat":[80,77],"product_tag":[],"class_list":{"0":"post-20839","1":"product","2":"type-product","3":"status-publish","4":"has-post-thumbnail","6":"product_cat-plne-tetovani","7":"product_cat-vse","9":"first","10":"instock","11":"taxable","12":"shipping-taxable","13":"purchasable","14":"product-type-simple","15":"entry","16":"content-bg","17":"loop-entry"},"jetpack_sharing_enabled":true,"_links":{"self":[{"href":"https:\/\/herbaltattoo.eu\/cs\/wp-json\/wp\/v2\/product\/20839","targetHints":{"allow":["GET"]}}],"collection":[{"href":"https:\/\/herbaltattoo.eu\/cs\/wp-json\/wp\/v2\/product"}],"about":[{"href":"https:\/\/herbaltattoo.eu\/cs\/wp-json\/wp\/v2\/types\/product"}],"wp:featuredmedia":[{"embeddable":true,"href":"https:\/\/herbaltattoo.eu\/cs\/wp-json\/wp\/v2\/media\/20840"}],"wp:attachment":[{"href":"https:\/\/herbaltattoo.eu\/cs\/wp-json\/wp\/v2\/media?parent=20839"}],"wp:term":[{"taxonomy":"product_brand","embeddable":true,"href":"https:\/\/herbaltattoo.eu\/cs\/wp-json\/wp\/v2\/product_brand?post=20839"},{"taxonomy":"product_cat","embeddable":true,"href":"https:\/\/herbaltattoo.eu\/cs\/wp-json\/wp\/v2\/product_cat?post=20839"},{"taxonomy":"product_tag","embeddable":true,"href":"https:\/\/herbaltattoo.eu\/cs\/wp-json\/wp\/v2\/product_tag?post=20839"}],"curies":[{"name":"wp","href":"https:\/\/api.w.org\/{rel}","templated":true}]}}