{"id":20831,"date":"2025-05-26T14:08:37","date_gmt":"2025-05-26T12:08:37","guid":{"rendered":"https:\/\/herbaltattoo.eu\/produkt\/mesic\/"},"modified":"2026-02-15T18:29:51","modified_gmt":"2026-02-15T17:29:51","slug":"mesic","status":"publish","type":"product","link":"https:\/\/herbaltattoo.eu\/cs\/produkt\/mesic\/","title":{"rendered":"M\u011bs\u00edc"},"content":{"rendered":"","protected":false},"excerpt":{"rendered":"<p>Tetov\u00e1n\u00ed m\u011bs\u00edce symbolizuje cykli\u010dnost \u017eivota, zm\u011bny a \u017eenskou energii. Je spojov\u00e1no s intuic\u00ed, emocemi a podv\u011bdom\u00edm. V z\u00e1vislosti na f\u00e1zi m\u016f\u017ee znamenat nov\u00e9 za\u010d\u00e1tky (nov) nebo plnost mo\u017enost\u00ed (\u00fapln\u011bk). \u010casto si ho vyb\u00edraj\u00ed lid\u00e9, kte\u0159\u00ed si cen\u00ed duchovn\u00edho rozvoje a kontaktu s p\u0159\u00edrodou. Je to jemn\u00fd znak vnit\u0159n\u00ed s\u00edly a prom\u011bny.    <\/p>\n","protected":false},"featured_media":20832,"template":"","meta":{"_monsterinsights_skip_tracking":false,"_monsterinsights_sitenote_active":false,"_monsterinsights_sitenote_note":"","_monsterinsights_sitenote_category":0,"_kadence_starter_templates_imported_post":false,"_kad_post_transparent":"","_kad_post_title":"","_kad_post_layout":"","_kad_post_sidebar_id":"","_kad_post_content_style":"","_kad_post_vertical_padding":"","_kad_post_feature":"","_kad_post_feature_position":"","_kad_post_header":false,"_kad_post_footer":false,"_kad_post_classname":""},"product_brand":[],"product_cat":[80,77],"product_tag":[],"class_list":{"0":"post-20831","1":"product","2":"type-product","3":"status-publish","4":"has-post-thumbnail","6":"product_cat-plne-tetovani","7":"product_cat-vse","9":"first","10":"instock","11":"taxable","12":"shipping-taxable","13":"purchasable","14":"product-type-simple","15":"entry","16":"content-bg","17":"loop-entry"},"jetpack_sharing_enabled":true,"_links":{"self":[{"href":"https:\/\/herbaltattoo.eu\/cs\/wp-json\/wp\/v2\/product\/20831","targetHints":{"allow":["GET"]}}],"collection":[{"href":"https:\/\/herbaltattoo.eu\/cs\/wp-json\/wp\/v2\/product"}],"about":[{"href":"https:\/\/herbaltattoo.eu\/cs\/wp-json\/wp\/v2\/types\/product"}],"wp:featuredmedia":[{"embeddable":true,"href":"https:\/\/herbaltattoo.eu\/cs\/wp-json\/wp\/v2\/media\/20832"}],"wp:attachment":[{"href":"https:\/\/herbaltattoo.eu\/cs\/wp-json\/wp\/v2\/media?parent=20831"}],"wp:term":[{"taxonomy":"product_brand","embeddable":true,"href":"https:\/\/herbaltattoo.eu\/cs\/wp-json\/wp\/v2\/product_brand?post=20831"},{"taxonomy":"product_cat","embeddable":true,"href":"https:\/\/herbaltattoo.eu\/cs\/wp-json\/wp\/v2\/product_cat?post=20831"},{"taxonomy":"product_tag","embeddable":true,"href":"https:\/\/herbaltattoo.eu\/cs\/wp-json\/wp\/v2\/product_tag?post=20831"}],"curies":[{"name":"wp","href":"https:\/\/api.w.org\/{rel}","templated":true}]}}