{"id":20821,"date":"2025-05-26T14:11:24","date_gmt":"2025-05-26T12:11:24","guid":{"rendered":"https:\/\/herbaltattoo.eu\/produkt\/kvetiny\/"},"modified":"2026-02-15T18:29:50","modified_gmt":"2026-02-15T17:29:50","slug":"kvetiny","status":"publish","type":"product","link":"https:\/\/herbaltattoo.eu\/cs\/produkt\/kvetiny\/","title":{"rendered":"Kv\u011btiny"},"content":{"rendered":"","protected":false},"excerpt":{"rendered":"<p>Tetov\u00e1n\u00ed kv\u011btin symbolizuje kr\u00e1su, p\u0159\u00edrodu a jemnost, ale jeho v\u00fdznam z\u00e1vis\u00ed na konkr\u00e9tn\u00edm druhu. R\u016f\u017ee m\u016f\u017ee znamenat l\u00e1sku a v\u00e1\u0161e\u0148, lotos duchovnost a znovuzrozen\u00ed a m\u00e1k pam\u00e1tku nebo klid. Kv\u011btiny jsou \u010dasto spojov\u00e1ny s \u017eenskost\u00ed, \u017eivotem a pom\u00edjivost\u00ed. Mohou tak\u00e9 vyjad\u0159ovat osobn\u00ed vzpom\u00ednky nebo emoce. Je to univerz\u00e1ln\u00ed motiv, kter\u00fd spojuje estetiku s hlub\u0161\u00edm poselstv\u00edm.    <\/p>\n","protected":false},"featured_media":20822,"template":"","meta":{"_monsterinsights_skip_tracking":false,"_monsterinsights_sitenote_active":false,"_monsterinsights_sitenote_note":"","_monsterinsights_sitenote_category":0,"_kadence_starter_templates_imported_post":false,"_kad_post_transparent":"","_kad_post_title":"","_kad_post_layout":"","_kad_post_sidebar_id":"","_kad_post_content_style":"","_kad_post_vertical_padding":"","_kad_post_feature":"","_kad_post_feature_position":"","_kad_post_header":false,"_kad_post_footer":false,"_kad_post_classname":""},"product_brand":[],"product_cat":[85,77],"product_tag":[],"class_list":{"0":"post-20821","1":"product","2":"type-product","3":"status-publish","4":"has-post-thumbnail","6":"product_cat-tetovani-k-vyrezavani","7":"product_cat-vse","9":"first","10":"instock","11":"taxable","12":"shipping-taxable","13":"purchasable","14":"product-type-simple","15":"entry","16":"content-bg","17":"loop-entry"},"jetpack_sharing_enabled":true,"_links":{"self":[{"href":"https:\/\/herbaltattoo.eu\/cs\/wp-json\/wp\/v2\/product\/20821","targetHints":{"allow":["GET"]}}],"collection":[{"href":"https:\/\/herbaltattoo.eu\/cs\/wp-json\/wp\/v2\/product"}],"about":[{"href":"https:\/\/herbaltattoo.eu\/cs\/wp-json\/wp\/v2\/types\/product"}],"wp:featuredmedia":[{"embeddable":true,"href":"https:\/\/herbaltattoo.eu\/cs\/wp-json\/wp\/v2\/media\/20822"}],"wp:attachment":[{"href":"https:\/\/herbaltattoo.eu\/cs\/wp-json\/wp\/v2\/media?parent=20821"}],"wp:term":[{"taxonomy":"product_brand","embeddable":true,"href":"https:\/\/herbaltattoo.eu\/cs\/wp-json\/wp\/v2\/product_brand?post=20821"},{"taxonomy":"product_cat","embeddable":true,"href":"https:\/\/herbaltattoo.eu\/cs\/wp-json\/wp\/v2\/product_cat?post=20821"},{"taxonomy":"product_tag","embeddable":true,"href":"https:\/\/herbaltattoo.eu\/cs\/wp-json\/wp\/v2\/product_tag?post=20821"}],"curies":[{"name":"wp","href":"https:\/\/api.w.org\/{rel}","templated":true}]}}