{"id":20769,"date":"2025-06-06T22:45:11","date_gmt":"2025-06-06T20:45:11","guid":{"rendered":"https:\/\/herbaltattoo.eu\/produkt\/znameni-zverokruhu-ryby\/"},"modified":"2026-02-15T18:29:30","modified_gmt":"2026-02-15T17:29:30","slug":"znameni-zverokruhu-ryby","status":"publish","type":"product","link":"https:\/\/herbaltattoo.eu\/cs\/produkt\/znameni-zverokruhu-ryby\/","title":{"rendered":"ZNAMEN\u00cd ZV\u011aROKRUHU Ryby"},"content":{"rendered":"<article class=\"text-token-text-primary w-full\" dir=\"auto\" data-testid=\"conversation-turn-22\" data-scroll-anchor=\"true\">\n<div class=\"text-base my-auto mx-auto py-5 [--thread-content-margin:--spacing(4)] @[37rem]:[--thread-content-margin:--spacing(6)] @[72rem]:[--thread-content-margin:--spacing(16)] px-(--thread-content-margin)\">\n<div class=\"[--thread-content-max-width:32rem] @[34rem]:[--thread-content-max-width:40rem] @[64rem]:[--thread-content-max-width:48rem] mx-auto flex max-w-(--thread-content-max-width) flex-1 text-base gap-4 md:gap-5 lg:gap-6 group\/turn-messages focus-visible:outline-hidden\" tabindex=\"-1\">\n<div class=\"group\/conversation-turn relative flex w-full min-w-0 flex-col agent-turn\">\n<div class=\"relative flex-col gap-1 md:gap-3\">\n<div class=\"flex max-w-full flex-col grow\">\n<div class=\"min-h-8 text-message relative flex w-full flex-col items-end gap-2 text-start break-words whitespace-normal [.text-message+&amp;]:mt-5\" dir=\"auto\" data-message-author-role=\"assistant\" data-message-id=\"0992f52d-fe0c-4318-ae02-50b97d8f6307\" data-message-model-slug=\"gpt-4-1-mini\">\n<div class=\"flex w-full flex-col gap-1 empty:hidden first:pt-[3px]\">\n<div class=\"markdown prose dark:prose-invert w-full break-words light\">\n<p data-start=\"0\" data-end=\"415\" data-is-last-node=\"\" data-is-only-node=\"\">Tetov\u00e1n\u00ed s motivem Ryb symbolizuje intuici, citlivost a duchovnost. Lid\u00e9 narozeni v tomto znamen\u00ed jsou \u010dasto empati\u010dt\u00ed, kreativn\u00ed a otev\u0159en\u00ed sv\u011btu emoc\u00ed. Ryby se spojuj\u00ed s hloubkou oce\u00e1nu a tajemnem, proto m\u016f\u017ee tetov\u00e1n\u00ed vyjad\u0159ovat spojen\u00ed s podv\u011bdom\u00edm a sny. Je to tak\u00e9 znamen\u00ed soucitu, jemnosti a schopnosti adaptace. Pro mnoh\u00e9 je takov\u00e9 tetov\u00e1n\u00ed symbolem duchovn\u00ed cesty a vnit\u0159n\u00edho klidu.    <\/p>\n<\/div>\n<\/div>\n<\/div>\n<\/div>\n<div class=\"flex min-h-[46px] justify-start\">\n<div class=\"touch:-me-2 touch:-ms-3.5 -ms-2.5 -me-1 flex items-center p-1 select-none -mt-1 w-full duration-[1.5s] focus-within:transition-none hover:transition-none pointer-events-none [mask-image:linear-gradient(to_right,black_33%,transparent_66%)] [mask-size:300%_100%] [mask-position:100%_0%] motion-safe:transition-[mask-position] group-hover\/turn-messages:pointer-events-auto group-hover\/turn-messages:[mask-position:0_0] group-focus-within\/turn-messages:pointer-events-auto group-focus-within\/turn-messages:[mask-position:0_0] has-data-[state=open]:pointer-events-auto has-data-[state=open]:[mask-position:0_0]\"><\/div>\n<\/div>\n<\/div>\n<div class=\"absolute\">\n<div class=\"flex items-center justify-center\"><\/div>\n<\/div>\n<\/div>\n<\/div>\n<\/div>\n<\/article>\n<div class=\"pointer-events-none h-px w-px\" aria-hidden=\"true\" data-edge=\"true\"><\/div>\n","protected":false},"excerpt":{"rendered":"<p>Tetov\u00e1n\u00ed s motivem Ryb symbolizuje intuici, citlivost a duchovnost. Lid\u00e9 narozeni v tomto znamen\u00ed jsou \u010dasto empati\u010dt\u00ed, kreativn\u00ed a otev\u0159en\u00ed sv\u011btu emoc\u00ed. Ryby se spojuj\u00ed s hloubkou oce\u00e1nu a tajemnem, proto m\u016f\u017ee tetov\u00e1n\u00ed vyjad\u0159ovat spojen\u00ed s podv\u011bdom\u00edm a sny. Je to tak\u00e9 znamen\u00ed soucitu, jemnosti a schopnosti adaptace. Pro mnoh\u00e9 je takov\u00e9 tetov\u00e1n\u00ed symbolem duchovn\u00ed&#8230;<\/p>\n","protected":false},"featured_media":20772,"template":"","meta":{"_monsterinsights_skip_tracking":false,"_monsterinsights_sitenote_active":false,"_monsterinsights_sitenote_note":"","_monsterinsights_sitenote_category":0,"_kadence_starter_templates_imported_post":false,"_kad_post_transparent":"","_kad_post_title":"","_kad_post_layout":"","_kad_post_sidebar_id":"","_kad_post_content_style":"","_kad_post_vertical_padding":"","_kad_post_feature":"","_kad_post_feature_position":"","_kad_post_header":false,"_kad_post_footer":false,"_kad_post_classname":""},"product_brand":[],"product_cat":[84,77,89],"product_tag":[],"class_list":{"0":"post-20769","1":"product","2":"type-product","3":"status-publish","4":"has-post-thumbnail","6":"product_cat-minimalisticke","7":"product_cat-vse","8":"product_cat-znameni-zverokruhu","10":"first","11":"instock","12":"taxable","13":"shipping-taxable","14":"purchasable","15":"product-type-simple","16":"entry","17":"content-bg","18":"loop-entry"},"jetpack_sharing_enabled":true,"_links":{"self":[{"href":"https:\/\/herbaltattoo.eu\/cs\/wp-json\/wp\/v2\/product\/20769","targetHints":{"allow":["GET"]}}],"collection":[{"href":"https:\/\/herbaltattoo.eu\/cs\/wp-json\/wp\/v2\/product"}],"about":[{"href":"https:\/\/herbaltattoo.eu\/cs\/wp-json\/wp\/v2\/types\/product"}],"wp:featuredmedia":[{"embeddable":true,"href":"https:\/\/herbaltattoo.eu\/cs\/wp-json\/wp\/v2\/media\/20772"}],"wp:attachment":[{"href":"https:\/\/herbaltattoo.eu\/cs\/wp-json\/wp\/v2\/media?parent=20769"}],"wp:term":[{"taxonomy":"product_brand","embeddable":true,"href":"https:\/\/herbaltattoo.eu\/cs\/wp-json\/wp\/v2\/product_brand?post=20769"},{"taxonomy":"product_cat","embeddable":true,"href":"https:\/\/herbaltattoo.eu\/cs\/wp-json\/wp\/v2\/product_cat?post=20769"},{"taxonomy":"product_tag","embeddable":true,"href":"https:\/\/herbaltattoo.eu\/cs\/wp-json\/wp\/v2\/product_tag?post=20769"}],"curies":[{"name":"wp","href":"https:\/\/api.w.org\/{rel}","templated":true}]}}