{"id":20608,"date":"2025-07-22T21:09:39","date_gmt":"2025-07-22T19:09:39","guid":{"rendered":"https:\/\/herbaltattoo.eu\/produkt\/naramky-na-ruku\/"},"modified":"2026-02-15T18:28:16","modified_gmt":"2026-02-15T17:28:16","slug":"naramky-na-ruku","status":"publish","type":"product","link":"https:\/\/herbaltattoo.eu\/cs\/produkt\/naramky-na-ruku\/","title":{"rendered":"N\u00e1ramky na ruku"},"content":{"rendered":"<article class=\"text-token-text-primary w-full\" dir=\"auto\" data-testid=\"conversation-turn-2\" data-scroll-anchor=\"true\">\n<div class=\"text-base my-auto mx-auto pb-10 [--thread-content-margin:--spacing(4)] @[37rem]:[--thread-content-margin:--spacing(6)] @[72rem]:[--thread-content-margin:--spacing(16)] px-(--thread-content-margin)\">\n<div class=\"[--thread-content-max-width:32rem] @[34rem]:[--thread-content-max-width:40rem] @[64rem]:[--thread-content-max-width:48rem] mx-auto flex max-w-(--thread-content-max-width) flex-1 text-base gap-4 md:gap-5 lg:gap-6 group\/turn-messages focus-visible:outline-hidden\" tabindex=\"-1\">\n<div class=\"group\/conversation-turn relative flex w-full min-w-0 flex-col agent-turn\">\n<div class=\"relative flex-col gap-1 md:gap-3\">\n<div class=\"flex max-w-full flex-col grow\">\n<div class=\"min-h-8 text-message relative flex w-full flex-col items-end gap-2 text-start break-words whitespace-normal [.text-message+&amp;]:mt-5\" dir=\"auto\" data-message-author-role=\"assistant\" data-message-id=\"489c7c21-cd83-4e2e-b8e4-cbc45f8dbabd\" data-message-model-slug=\"gpt-4o\">\n<div class=\"flex w-full flex-col gap-1 empty:hidden first:pt-[3px]\">\n<div class=\"markdown prose dark:prose-invert w-full break-words light\">\n<p data-start=\"0\" data-end=\"401\" data-is-last-node=\"\" data-is-only-node=\"\">N\u00e1ramek na ruce jako tetov\u00e1n\u00ed \u010dasto symbolizuje nekone\u010dno, ochranu nebo pouto s bl\u00edzkou osobou. Styl m\u016f\u017ee b\u00fdt minimalistick\u00fd, etnick\u00fd, kmenov\u00fd nebo geometrick\u00fd, podle vkusu. Obl\u00edben\u00e9 jsou motivy prov\u00e1zku, kor\u00e1lk\u016f nebo ornament\u016f p\u0159ipom\u00ednaj\u00edc\u00edch \u0161perky. Takov\u00e9 tetov\u00e1n\u00ed se obvykle nos\u00ed kolem z\u00e1p\u011bst\u00ed nebo p\u0159edlokt\u00ed a m\u016f\u017ee m\u00edt jak estetick\u00fd, tak osobn\u00ed v\u00fdznam.<\/p>\n<\/div>\n<\/div>\n<\/div>\n<\/div>\n<div class=\"mx-[var(--mini-thread-content-inset)]\">\n<div class=\"flex min-h-[46px] justify-start\"><\/div>\n<\/div>\n<\/div>\n<\/div>\n<\/div>\n<\/div>\n<\/article>\n<div class=\"pointer-events-none h-px w-px\" aria-hidden=\"true\" data-edge=\"true\"><\/div>\n","protected":false},"excerpt":{"rendered":"<p>N\u00e1ramek na ruce jako tetov\u00e1n\u00ed \u010dasto symbolizuje nekone\u010dno, ochranu nebo pouto s bl\u00edzkou osobou. Styl m\u016f\u017ee b\u00fdt minimalistick\u00fd, etnick\u00fd, kmenov\u00fd nebo geometrick\u00fd, podle vkusu. Obl\u00edben\u00e9 jsou motivy prov\u00e1zku, kor\u00e1lk\u016f nebo ornament\u016f p\u0159ipom\u00ednaj\u00edc\u00edch \u0161perky. Takov\u00e9 tetov\u00e1n\u00ed se obvykle nos\u00ed kolem z\u00e1p\u011bst\u00ed nebo p\u0159edlokt\u00ed a m\u016f\u017ee m\u00edt jak estetick\u00fd, tak osobn\u00ed v\u00fdznam.<\/p>\n","protected":false},"featured_media":20610,"template":"","meta":{"_monsterinsights_skip_tracking":false,"_monsterinsights_sitenote_active":false,"_monsterinsights_sitenote_note":"","_monsterinsights_sitenote_category":0,"_kadence_starter_templates_imported_post":false,"_kad_post_transparent":"","_kad_post_title":"","_kad_post_layout":"","_kad_post_sidebar_id":"","_kad_post_content_style":"","_kad_post_vertical_padding":"","_kad_post_feature":"","_kad_post_feature_position":"","_kad_post_header":false,"_kad_post_footer":false,"_kad_post_classname":""},"product_brand":[],"product_cat":[85,77],"product_tag":[],"class_list":{"0":"post-20608","1":"product","2":"type-product","3":"status-publish","4":"has-post-thumbnail","6":"product_cat-tetovani-k-vyrezavani","7":"product_cat-vse","9":"first","10":"instock","11":"taxable","12":"shipping-taxable","13":"purchasable","14":"product-type-simple","15":"entry","16":"content-bg","17":"loop-entry"},"jetpack_sharing_enabled":true,"_links":{"self":[{"href":"https:\/\/herbaltattoo.eu\/cs\/wp-json\/wp\/v2\/product\/20608","targetHints":{"allow":["GET"]}}],"collection":[{"href":"https:\/\/herbaltattoo.eu\/cs\/wp-json\/wp\/v2\/product"}],"about":[{"href":"https:\/\/herbaltattoo.eu\/cs\/wp-json\/wp\/v2\/types\/product"}],"wp:featuredmedia":[{"embeddable":true,"href":"https:\/\/herbaltattoo.eu\/cs\/wp-json\/wp\/v2\/media\/20610"}],"wp:attachment":[{"href":"https:\/\/herbaltattoo.eu\/cs\/wp-json\/wp\/v2\/media?parent=20608"}],"wp:term":[{"taxonomy":"product_brand","embeddable":true,"href":"https:\/\/herbaltattoo.eu\/cs\/wp-json\/wp\/v2\/product_brand?post=20608"},{"taxonomy":"product_cat","embeddable":true,"href":"https:\/\/herbaltattoo.eu\/cs\/wp-json\/wp\/v2\/product_cat?post=20608"},{"taxonomy":"product_tag","embeddable":true,"href":"https:\/\/herbaltattoo.eu\/cs\/wp-json\/wp\/v2\/product_tag?post=20608"}],"curies":[{"name":"wp","href":"https:\/\/api.w.org\/{rel}","templated":true}]}}