{"id":20594,"date":"2025-07-26T21:58:32","date_gmt":"2025-07-26T19:58:32","guid":{"rendered":"https:\/\/herbaltattoo.eu\/produkt\/mala-my\/"},"modified":"2026-02-15T18:27:56","modified_gmt":"2026-02-15T17:27:56","slug":"mala-my","status":"publish","type":"product","link":"https:\/\/herbaltattoo.eu\/cs\/produkt\/mala-my\/","title":{"rendered":"Mal\u00e1 My"},"content":{"rendered":"<article class=\"text-token-text-primary w-full focus:outline-none scroll-mt-[calc(var(--header-height)+min(200px,max(70px,20svh)))]\" dir=\"auto\" tabindex=\"-1\" data-testid=\"conversation-turn-18\" data-scroll-anchor=\"true\" data-turn=\"assistant\">\n<div class=\"text-base my-auto mx-auto pb-10 [--thread-content-margin:--spacing(4)] @[37rem]:[--thread-content-margin:--spacing(6)] @[72rem]:[--thread-content-margin:--spacing(16)] px-(--thread-content-margin)\">\n<div class=\"[--thread-content-max-width:32rem] @[34rem]:[--thread-content-max-width:40rem] @[64rem]:[--thread-content-max-width:48rem] mx-auto max-w-(--thread-content-max-width) flex-1 group\/turn-messages focus-visible:outline-hidden relative flex w-full min-w-0 flex-col agent-turn\" tabindex=\"-1\">\n<div class=\"flex max-w-full flex-col grow\">\n<div class=\"min-h-8 text-message relative flex w-full flex-col items-end gap-2 text-start break-words whitespace-normal [.text-message+&amp;]:mt-5\" dir=\"auto\" data-message-author-role=\"assistant\" data-message-id=\"4a404eae-e4f2-4152-a7c2-a27006291f1d\" data-message-model-slug=\"gpt-4o\">\n<div class=\"flex w-full flex-col gap-1 empty:hidden first:pt-[3px]\">\n<div class=\"markdown prose dark:prose-invert w-full break-words light\">\n<p data-start=\"0\" data-end=\"398\" data-is-last-node=\"\" data-is-only-node=\"\">Tetov\u00e1n\u00ed s Malou My (z knih o Moom\u00ednech) symbolizuje nez\u00e1vislost, rebelskou povahu a odvahu b\u00fdt s\u00e1m sebou. Tato mal\u00e1 postava je zn\u00e1m\u00e1 sv\u00fdm ostr\u00fdm jazykem, siln\u00fdm charakterem a ne\u00fastupn\u00fdm postojem, co\u017e z n\u00ed \u010din\u00ed symbol vnit\u0159n\u00ed s\u00edly a autenticity. Pro mnoho lid\u00ed je Mal\u00e1 My vyj\u00e1d\u0159en\u00edm nesouhlasu s konvencemi a pot\u0159eby svobody. Takov\u00e9 tetov\u00e1n\u00ed b\u00fdv\u00e1 z\u00e1bavn\u00fdm, ale z\u00e1rove\u0148 hluboce osobn\u00edm znakem.   <\/p>\n<\/div>\n<\/div>\n<\/div>\n<\/div>\n<div class=\"mx-[var(--mini-thread-content-inset)]\">\n<div class=\"flex min-h-[46px] justify-start\">\n<div class=\"touch:-me-2 touch:-ms-3.5 -ms-2.5 -me-1 flex flex-wrap items-center gap-y-4 p-1 select-none touch:w-[calc(100%+--spacing(3.5))] -mt-1 w-[calc(100%+--spacing(2.5))] duration-[1.5s] focus-within:transition-none hover:transition-none pointer-events-none [mask-image:linear-gradient(to_right,black_33%,transparent_66%)] [mask-size:300%_100%] [mask-position:100%_0%] motion-safe:transition-[mask-position] group-hover\/turn-messages:pointer-events-auto group-hover\/turn-messages:[mask-position:0_0] group-focus-within\/turn-messages:pointer-events-auto group-focus-within\/turn-messages:[mask-position:0_0] has-data-[state=open]:pointer-events-auto has-data-[state=open]:[mask-position:0_0]\"><\/div>\n<\/div>\n<\/div>\n<\/div>\n<\/div>\n<\/article>\n<div class=\"pointer-events-none h-px w-px\" aria-hidden=\"true\" data-edge=\"true\"><\/div>\n","protected":false},"excerpt":{"rendered":"<p>Tetov\u00e1n\u00ed s Malou My (z knih o Moom\u00ednech) symbolizuje nez\u00e1vislost, rebelskou povahu a odvahu b\u00fdt s\u00e1m sebou. Tato mal\u00e1 postava je zn\u00e1m\u00e1 sv\u00fdm ostr\u00fdm jazykem, siln\u00fdm charakterem a ne\u00fastupn\u00fdm postojem, co\u017e z n\u00ed \u010din\u00ed symbol vnit\u0159n\u00ed s\u00edly a autenticity. Pro mnoho lid\u00ed je Mal\u00e1 My vyj\u00e1d\u0159en\u00edm nesouhlasu s konvencemi a pot\u0159eby svobody. Takov\u00e9 tetov\u00e1n\u00ed b\u00fdv\u00e1&#8230;<\/p>\n","protected":false},"featured_media":20595,"template":"","meta":{"_monsterinsights_skip_tracking":false,"_monsterinsights_sitenote_active":false,"_monsterinsights_sitenote_note":"","_monsterinsights_sitenote_category":0,"_kadence_starter_templates_imported_post":false,"_kad_post_transparent":"","_kad_post_title":"","_kad_post_layout":"","_kad_post_sidebar_id":"","_kad_post_content_style":"","_kad_post_vertical_padding":"","_kad_post_feature":"","_kad_post_feature_position":"","_kad_post_header":false,"_kad_post_footer":false,"_kad_post_classname":""},"product_brand":[],"product_cat":[84,77],"product_tag":[],"class_list":{"0":"post-20594","1":"product","2":"type-product","3":"status-publish","4":"has-post-thumbnail","6":"product_cat-minimalisticke","7":"product_cat-vse","9":"first","10":"instock","11":"taxable","12":"shipping-taxable","13":"purchasable","14":"product-type-simple","15":"entry","16":"content-bg","17":"loop-entry"},"jetpack_sharing_enabled":true,"_links":{"self":[{"href":"https:\/\/herbaltattoo.eu\/cs\/wp-json\/wp\/v2\/product\/20594","targetHints":{"allow":["GET"]}}],"collection":[{"href":"https:\/\/herbaltattoo.eu\/cs\/wp-json\/wp\/v2\/product"}],"about":[{"href":"https:\/\/herbaltattoo.eu\/cs\/wp-json\/wp\/v2\/types\/product"}],"wp:featuredmedia":[{"embeddable":true,"href":"https:\/\/herbaltattoo.eu\/cs\/wp-json\/wp\/v2\/media\/20595"}],"wp:attachment":[{"href":"https:\/\/herbaltattoo.eu\/cs\/wp-json\/wp\/v2\/media?parent=20594"}],"wp:term":[{"taxonomy":"product_brand","embeddable":true,"href":"https:\/\/herbaltattoo.eu\/cs\/wp-json\/wp\/v2\/product_brand?post=20594"},{"taxonomy":"product_cat","embeddable":true,"href":"https:\/\/herbaltattoo.eu\/cs\/wp-json\/wp\/v2\/product_cat?post=20594"},{"taxonomy":"product_tag","embeddable":true,"href":"https:\/\/herbaltattoo.eu\/cs\/wp-json\/wp\/v2\/product_tag?post=20594"}],"curies":[{"name":"wp","href":"https:\/\/api.w.org\/{rel}","templated":true}]}}