{"id":20568,"date":"2025-07-22T21:09:22","date_gmt":"2025-07-22T19:09:22","guid":{"rendered":"https:\/\/herbaltattoo.eu\/produkt\/pansky-naramek\/"},"modified":"2026-02-15T18:28:17","modified_gmt":"2026-02-15T17:28:17","slug":"pansky-naramek","status":"publish","type":"product","link":"https:\/\/herbaltattoo.eu\/cs\/produkt\/pansky-naramek\/","title":{"rendered":"P\u00e1nsk\u00fd n\u00e1ramek"},"content":{"rendered":"<article class=\"text-token-text-primary w-full\" dir=\"auto\" data-testid=\"conversation-turn-18\" data-scroll-anchor=\"true\">\n<div class=\"text-base my-auto mx-auto pb-10 [--thread-content-margin:--spacing(4)] @[37rem]:[--thread-content-margin:--spacing(6)] @[72rem]:[--thread-content-margin:--spacing(16)] px-(--thread-content-margin)\">\n<div class=\"[--thread-content-max-width:32rem] @[34rem]:[--thread-content-max-width:40rem] @[64rem]:[--thread-content-max-width:48rem] mx-auto flex max-w-(--thread-content-max-width) flex-1 text-base gap-4 md:gap-5 lg:gap-6 group\/turn-messages focus-visible:outline-hidden\" tabindex=\"-1\">\n<div class=\"group\/conversation-turn relative flex w-full min-w-0 flex-col agent-turn\">\n<div class=\"relative flex-col gap-1 md:gap-3\">\n<div class=\"flex max-w-full flex-col grow\">\n<div class=\"min-h-8 text-message relative flex w-full flex-col items-end gap-2 text-start break-words whitespace-normal [.text-message+&amp;]:mt-5\" dir=\"auto\" data-message-author-role=\"assistant\" data-message-id=\"44461e8d-219d-4fbc-9bd2-9126208617fd\" data-message-model-slug=\"gpt-4o\">\n<div class=\"flex w-full flex-col gap-1 empty:hidden first:pt-[3px]\">\n<div class=\"markdown prose dark:prose-invert w-full break-words light\">\n<p data-start=\"0\" data-end=\"399\" data-is-last-node=\"\" data-is-only-node=\"\">Tetov\u00e1n\u00ed p\u00e1nsk\u00e9ho n\u00e1ramku \u010dasto symbolizuje s\u00edlu, vytrvalost a osobn\u00ed identitu. M\u016f\u017ee m\u00edt podobu geometrick\u00fdch vzor\u016f, kmenov\u00fdch p\u00e1s\u016f, \u0159et\u011bz\u016f nebo symbolick\u00fdch motiv\u016f jako jsou runy \u010di k\u0159\u00ed\u017ee. Um\u00edst\u011bn\u00fd obvykle kolem z\u00e1p\u011bst\u00ed, p\u0159edlokt\u00ed nebo bicepsu vytv\u00e1\u0159\u00ed efekt trval\u00e9 ozdoby. Pro mnoho mu\u017e\u016f to nen\u00ed jen estetick\u00fd prvek, ale tak\u00e9 vyj\u00e1d\u0159en\u00ed \u017eivotn\u00edch p\u0159esv\u011bd\u010den\u00ed nebo z\u00e1\u017eitk\u016f.<\/p>\n<\/div>\n<\/div>\n<\/div>\n<\/div>\n<div class=\"mx-[var(--mini-thread-content-inset)]\">\n<div class=\"flex min-h-[46px] justify-start\">\n<div class=\"touch:-me-2 touch:-ms-3.5 -ms-2.5 -me-1 flex flex-wrap items-center gap-y-4 p-1 select-none touch:w-[calc(100%+--spacing(3.5))] -mt-1 w-[calc(100%+--spacing(2.5))] duration-[1.5s] focus-within:transition-none hover:transition-none pointer-events-none [mask-image:linear-gradient(to_right,black_33%,transparent_66%)] [mask-size:300%_100%] [mask-position:100%_0%] motion-safe:transition-[mask-position] group-hover\/turn-messages:pointer-events-auto group-hover\/turn-messages:[mask-position:0_0] group-focus-within\/turn-messages:pointer-events-auto group-focus-within\/turn-messages:[mask-position:0_0] has-data-[state=open]:pointer-events-auto has-data-[state=open]:[mask-position:0_0]\"><\/div>\n<\/div>\n<\/div>\n<\/div>\n<\/div>\n<\/div>\n<\/div>\n<\/article>\n<div class=\"pointer-events-none h-px w-px\" aria-hidden=\"true\" data-edge=\"true\"><\/div>\n","protected":false},"excerpt":{"rendered":"<p>Tetov\u00e1n\u00ed p\u00e1nsk\u00e9ho n\u00e1ramku \u010dasto symbolizuje s\u00edlu, vytrvalost a osobn\u00ed identitu. M\u016f\u017ee m\u00edt podobu geometrick\u00fdch vzor\u016f, kmenov\u00fdch p\u00e1s\u016f, \u0159et\u011bz\u016f nebo symbolick\u00fdch motiv\u016f jako jsou runy \u010di k\u0159\u00ed\u017ee. Um\u00edst\u011bn\u00fd obvykle kolem z\u00e1p\u011bst\u00ed, p\u0159edlokt\u00ed nebo bicepsu vytv\u00e1\u0159\u00ed efekt trval\u00e9 ozdoby. Pro mnoho mu\u017e\u016f to nen\u00ed jen estetick\u00fd prvek, ale tak\u00e9 vyj\u00e1d\u0159en\u00ed \u017eivotn\u00edch p\u0159esv\u011bd\u010den\u00ed nebo z\u00e1\u017eitk\u016f.<\/p>\n","protected":false},"featured_media":20569,"template":"","meta":{"_monsterinsights_skip_tracking":false,"_monsterinsights_sitenote_active":false,"_monsterinsights_sitenote_note":"","_monsterinsights_sitenote_category":0,"_kadence_starter_templates_imported_post":false,"_kad_post_transparent":"","_kad_post_title":"","_kad_post_layout":"","_kad_post_sidebar_id":"","_kad_post_content_style":"","_kad_post_vertical_padding":"","_kad_post_feature":"","_kad_post_feature_position":"","_kad_post_header":false,"_kad_post_footer":false,"_kad_post_classname":""},"product_brand":[],"product_cat":[80,77],"product_tag":[],"class_list":{"0":"post-20568","1":"product","2":"type-product","3":"status-publish","4":"has-post-thumbnail","6":"product_cat-plne-tetovani","7":"product_cat-vse","9":"first","10":"instock","11":"taxable","12":"shipping-taxable","13":"purchasable","14":"product-type-simple","15":"entry","16":"content-bg","17":"loop-entry"},"jetpack_sharing_enabled":true,"_links":{"self":[{"href":"https:\/\/herbaltattoo.eu\/cs\/wp-json\/wp\/v2\/product\/20568","targetHints":{"allow":["GET"]}}],"collection":[{"href":"https:\/\/herbaltattoo.eu\/cs\/wp-json\/wp\/v2\/product"}],"about":[{"href":"https:\/\/herbaltattoo.eu\/cs\/wp-json\/wp\/v2\/types\/product"}],"wp:featuredmedia":[{"embeddable":true,"href":"https:\/\/herbaltattoo.eu\/cs\/wp-json\/wp\/v2\/media\/20569"}],"wp:attachment":[{"href":"https:\/\/herbaltattoo.eu\/cs\/wp-json\/wp\/v2\/media?parent=20568"}],"wp:term":[{"taxonomy":"product_brand","embeddable":true,"href":"https:\/\/herbaltattoo.eu\/cs\/wp-json\/wp\/v2\/product_brand?post=20568"},{"taxonomy":"product_cat","embeddable":true,"href":"https:\/\/herbaltattoo.eu\/cs\/wp-json\/wp\/v2\/product_cat?post=20568"},{"taxonomy":"product_tag","embeddable":true,"href":"https:\/\/herbaltattoo.eu\/cs\/wp-json\/wp\/v2\/product_tag?post=20568"}],"curies":[{"name":"wp","href":"https:\/\/api.w.org\/{rel}","templated":true}]}}