{"id":20546,"date":"2025-07-01T21:22:48","date_gmt":"2025-07-01T19:22:48","guid":{"rendered":"https:\/\/herbaltattoo.eu\/produkt\/molotov\/"},"modified":"2026-02-15T18:28:36","modified_gmt":"2026-02-15T17:28:36","slug":"molotov","status":"publish","type":"product","link":"https:\/\/herbaltattoo.eu\/cs\/produkt\/molotov\/","title":{"rendered":"Molotov"},"content":{"rendered":"<div class=\"relative flex-col gap-1 md:gap-3\">\n<div class=\"flex max-w-full flex-col grow\">\n<div class=\"min-h-8 text-message relative flex w-full flex-col items-end gap-2 text-start break-words whitespace-normal [.text-message+&amp;]:mt-5\" dir=\"auto\" data-message-author-role=\"assistant\" data-message-id=\"937bcc3d-6e69-4924-b754-7e063c533321\" data-message-model-slug=\"gpt-4o\">\n<div class=\"flex w-full flex-col gap-1 empty:hidden first:pt-[3px]\">\n<div class=\"markdown prose dark:prose-invert w-full break-words light\">\n<p data-start=\"0\" data-end=\"327\" data-is-last-node=\"\" data-is-only-node=\"\">Tetov\u00e1n\u00ed Molotovova koktejlu symbolizuje vzpouru, odpor a p\u0159ipravenost bojovat proti syst\u00e9mu nebo \u00fatlaku. Je to siln\u00fd symbol revoluce, hn\u011bvu a odporu v\u016f\u010di nespravedlnosti. Styl b\u00fdv\u00e1 agresivn\u00ed, street-artov\u00fd, \u010dasto s plameny a dynamickou kompozic\u00ed. M\u016f\u017ee tak\u00e9 vyjad\u0159ovat nepoddajnost, radikalismus nebo pot\u0159ebu vyj\u00e1d\u0159it vnit\u0159n\u00ed s\u00edlu.<\/p>\n<\/div>\n<\/div>\n<\/div>\n<\/div>\n<div class=\"flex min-h-[46px] justify-start\">\n<div class=\"touch:-me-2 touch:-ms-3.5 -ms-2.5 -me-1 flex flex-wrap items-center gap-y-4 p-1 select-none touch:w-[calc(100%+--spacing(3.5))] -mt-1 w-[calc(100%+--spacing(2.5))] duration-[1.5s] focus-within:transition-none hover:transition-none pointer-events-none [mask-image:linear-gradient(to_right,black_33%,transparent_66%)] [mask-size:300%_100%] [mask-position:100%_0%] motion-safe:transition-[mask-position] group-hover\/turn-messages:pointer-events-auto group-hover\/turn-messages:[mask-position:0_0] group-focus-within\/turn-messages:pointer-events-auto group-focus-within\/turn-messages:[mask-position:0_0] has-data-[state=open]:pointer-events-auto has-data-[state=open]:[mask-position:0_0]\"><\/div>\n<\/div>\n<\/div>\n<div class=\"aria-live=polite absolute\">\n<div class=\"flex items-center justify-center\"><\/div>\n<\/div>\n","protected":false},"excerpt":{"rendered":"<p>Tetov\u00e1n\u00ed Molotovova koktejlu symbolizuje vzpouru, odpor a p\u0159ipravenost bojovat proti syst\u00e9mu nebo \u00fatlaku. Je to siln\u00fd symbol revoluce, hn\u011bvu a odporu v\u016f\u010di nespravedlnosti. Styl b\u00fdv\u00e1 agresivn\u00ed, street-artov\u00fd, \u010dasto s plameny a dynamickou kompozic\u00ed. M\u016f\u017ee tak\u00e9 vyjad\u0159ovat nepoddajnost, radikalismus nebo pot\u0159ebu vyj\u00e1d\u0159it vnit\u0159n\u00ed s\u00edlu.<\/p>\n","protected":false},"featured_media":20547,"template":"","meta":{"_monsterinsights_skip_tracking":false,"_monsterinsights_sitenote_active":false,"_monsterinsights_sitenote_note":"","_monsterinsights_sitenote_category":0,"_kadence_starter_templates_imported_post":false,"_kad_post_transparent":"","_kad_post_title":"","_kad_post_layout":"","_kad_post_sidebar_id":"","_kad_post_content_style":"","_kad_post_vertical_padding":"","_kad_post_feature":"","_kad_post_feature_position":"","_kad_post_header":false,"_kad_post_footer":false,"_kad_post_classname":""},"product_brand":[],"product_cat":[84,77],"product_tag":[],"class_list":{"0":"post-20546","1":"product","2":"type-product","3":"status-publish","4":"has-post-thumbnail","6":"product_cat-minimalisticke","7":"product_cat-vse","9":"first","10":"instock","11":"taxable","12":"shipping-taxable","13":"purchasable","14":"product-type-simple","15":"entry","16":"content-bg","17":"loop-entry"},"jetpack_sharing_enabled":true,"_links":{"self":[{"href":"https:\/\/herbaltattoo.eu\/cs\/wp-json\/wp\/v2\/product\/20546","targetHints":{"allow":["GET"]}}],"collection":[{"href":"https:\/\/herbaltattoo.eu\/cs\/wp-json\/wp\/v2\/product"}],"about":[{"href":"https:\/\/herbaltattoo.eu\/cs\/wp-json\/wp\/v2\/types\/product"}],"wp:featuredmedia":[{"embeddable":true,"href":"https:\/\/herbaltattoo.eu\/cs\/wp-json\/wp\/v2\/media\/20547"}],"wp:attachment":[{"href":"https:\/\/herbaltattoo.eu\/cs\/wp-json\/wp\/v2\/media?parent=20546"}],"wp:term":[{"taxonomy":"product_brand","embeddable":true,"href":"https:\/\/herbaltattoo.eu\/cs\/wp-json\/wp\/v2\/product_brand?post=20546"},{"taxonomy":"product_cat","embeddable":true,"href":"https:\/\/herbaltattoo.eu\/cs\/wp-json\/wp\/v2\/product_cat?post=20546"},{"taxonomy":"product_tag","embeddable":true,"href":"https:\/\/herbaltattoo.eu\/cs\/wp-json\/wp\/v2\/product_tag?post=20546"}],"curies":[{"name":"wp","href":"https:\/\/api.w.org\/{rel}","templated":true}]}}