{"id":20520,"date":"2025-07-01T21:35:49","date_gmt":"2025-07-01T19:35:49","guid":{"rendered":"https:\/\/herbaltattoo.eu\/produkt\/zamilovani-v-poutech\/"},"modified":"2026-02-15T18:28:17","modified_gmt":"2026-02-15T17:28:17","slug":"zamilovani-v-poutech","status":"publish","type":"product","link":"https:\/\/herbaltattoo.eu\/cs\/produkt\/zamilovani-v-poutech\/","title":{"rendered":"Zamilovan\u00ed v poutech"},"content":{"rendered":"<div class=\"relative flex-col gap-1 md:gap-3\">\n<div class=\"flex max-w-full flex-col grow\">\n<div class=\"min-h-8 text-message relative flex w-full flex-col items-end gap-2 text-start break-words whitespace-normal [.text-message+&amp;]:mt-5\" dir=\"auto\" data-message-author-role=\"assistant\" data-message-id=\"50e9b6b5-f5a2-4f7f-8f7a-c822db76da65\" data-message-model-slug=\"gpt-4-1-mini\">\n<div class=\"flex w-full flex-col gap-1 empty:hidden first:pt-[3px]\">\n<div class=\"markdown prose dark:prose-invert w-full break-words light\">\n<p data-start=\"0\" data-end=\"192\"><span class=\"relative -mx-px my-[-0.2rem] rounded px-px py-[0.2rem] transition-colors duration-100 ease-in-out\">Tetov\u00e1n\u00ed zobrazuj\u00edc\u00ed zamilovan\u00e9 v poutech symbolizuje siln\u00e9 pouto a oddanost mezi partnery, vyjad\u0159uje jak l\u00e1sku, tak pocit omezen\u00ed.<\/span> <span class=\"relative -mx-px my-[-0.2rem] rounded px-px py-[0.2rem] transition-colors duration-100 ease-in-out\">Pouta mohou b\u00fdt interpretov\u00e1na jako metafora neviditeln\u00fdch vazeb, kter\u00e9 spojuj\u00ed lidi, ale tak\u00e9 jako symbol uv\u011bzn\u011bn\u00ed nebo z\u00e1vislosti.<\/span> <span class=\"relative -mx-px my-[-0.2rem] rounded px-px py-[0.2rem] transition-colors duration-100 ease-in-out\">V kontextu zamilovan\u00e9ho p\u00e1ru m\u016f\u017ee takov\u00e9 tetov\u00e1n\u00ed vyjad\u0159ovat ochotu spole\u010dn\u011b \u010delit obt\u00ed\u017e\u00edm a p\u0159ekon\u00e1vat p\u0159ek\u00e1\u017eky.<\/span> <span class=\"relative -mx-px my-[-0.2rem] rounded px-px py-[0.2rem] transition-colors duration-100 ease-in-out\">V z\u00e1vislosti na kontextu v\u0161ak m\u016f\u017ee tak\u00e9 nazna\u010dovat pocit omezen\u00ed nebo nedostatek \u00fapln\u00e9 svobody ve vztahu.<\/span><\/p>\n<\/div>\n<\/div>\n<\/div>\n<\/div>\n<\/div>\n","protected":false},"excerpt":{"rendered":"<p>Tetov\u00e1n\u00ed zobrazuj\u00edc\u00ed zamilovan\u00e9 v poutech symbolizuje siln\u00e9 pouto a oddanost mezi partnery, vyjad\u0159uje jak l\u00e1sku, tak pocit omezen\u00ed. Pouta mohou b\u00fdt interpretov\u00e1na jako metafora neviditeln\u00fdch vazeb, kter\u00e9 spojuj\u00ed lidi, ale tak\u00e9 jako symbol uv\u011bzn\u011bn\u00ed nebo z\u00e1vislosti. V kontextu zamilovan\u00e9ho p\u00e1ru m\u016f\u017ee takov\u00e9 tetov\u00e1n\u00ed vyjad\u0159ovat ochotu spole\u010dn\u011b \u010delit obt\u00ed\u017e\u00edm a p\u0159ekon\u00e1vat p\u0159ek\u00e1\u017eky. V z\u00e1vislosti na kontextu&#8230;<\/p>\n","protected":false},"featured_media":20521,"template":"","meta":{"_monsterinsights_skip_tracking":false,"_monsterinsights_sitenote_active":false,"_monsterinsights_sitenote_note":"","_monsterinsights_sitenote_category":0,"_kadence_starter_templates_imported_post":false,"_kad_post_transparent":"","_kad_post_title":"","_kad_post_layout":"","_kad_post_sidebar_id":"","_kad_post_content_style":"","_kad_post_vertical_padding":"","_kad_post_feature":"","_kad_post_feature_position":"","_kad_post_header":false,"_kad_post_footer":false,"_kad_post_classname":""},"product_brand":[],"product_cat":[84,77],"product_tag":[],"class_list":{"0":"post-20520","1":"product","2":"type-product","3":"status-publish","4":"has-post-thumbnail","6":"product_cat-minimalisticke","7":"product_cat-vse","9":"first","10":"instock","11":"taxable","12":"shipping-taxable","13":"purchasable","14":"product-type-simple","15":"entry","16":"content-bg","17":"loop-entry"},"jetpack_sharing_enabled":true,"_links":{"self":[{"href":"https:\/\/herbaltattoo.eu\/cs\/wp-json\/wp\/v2\/product\/20520","targetHints":{"allow":["GET"]}}],"collection":[{"href":"https:\/\/herbaltattoo.eu\/cs\/wp-json\/wp\/v2\/product"}],"about":[{"href":"https:\/\/herbaltattoo.eu\/cs\/wp-json\/wp\/v2\/types\/product"}],"wp:featuredmedia":[{"embeddable":true,"href":"https:\/\/herbaltattoo.eu\/cs\/wp-json\/wp\/v2\/media\/20521"}],"wp:attachment":[{"href":"https:\/\/herbaltattoo.eu\/cs\/wp-json\/wp\/v2\/media?parent=20520"}],"wp:term":[{"taxonomy":"product_brand","embeddable":true,"href":"https:\/\/herbaltattoo.eu\/cs\/wp-json\/wp\/v2\/product_brand?post=20520"},{"taxonomy":"product_cat","embeddable":true,"href":"https:\/\/herbaltattoo.eu\/cs\/wp-json\/wp\/v2\/product_cat?post=20520"},{"taxonomy":"product_tag","embeddable":true,"href":"https:\/\/herbaltattoo.eu\/cs\/wp-json\/wp\/v2\/product_tag?post=20520"}],"curies":[{"name":"wp","href":"https:\/\/api.w.org\/{rel}","templated":true}]}}