{"id":20504,"date":"2025-07-26T22:03:56","date_gmt":"2025-07-26T20:03:56","guid":{"rendered":"https:\/\/herbaltattoo.eu\/produkt\/jahudky\/"},"modified":"2026-02-15T18:27:56","modified_gmt":"2026-02-15T17:27:56","slug":"jahudky","status":"publish","type":"product","link":"https:\/\/herbaltattoo.eu\/cs\/produkt\/jahudky\/","title":{"rendered":"Jah\u016fdky"},"content":{"rendered":"<article class=\"text-token-text-primary w-full focus:outline-none scroll-mt-[calc(var(--header-height)+min(200px,max(70px,20svh)))]\" dir=\"auto\" tabindex=\"-1\" data-testid=\"conversation-turn-28\" data-scroll-anchor=\"true\" data-turn=\"assistant\">\n<div class=\"text-base my-auto mx-auto pb-10 [--thread-content-margin:--spacing(4)] @[37rem]:[--thread-content-margin:--spacing(6)] @[72rem]:[--thread-content-margin:--spacing(16)] px-(--thread-content-margin)\">\n<div class=\"[--thread-content-max-width:32rem] @[34rem]:[--thread-content-max-width:40rem] @[64rem]:[--thread-content-max-width:48rem] mx-auto max-w-(--thread-content-max-width) flex-1 group\/turn-messages focus-visible:outline-hidden relative flex w-full min-w-0 flex-col agent-turn\" tabindex=\"-1\">\n<div class=\"flex max-w-full flex-col grow\">\n<div class=\"min-h-8 text-message relative flex w-full flex-col items-end gap-2 text-start break-words whitespace-normal [.text-message+&amp;]:mt-5\" dir=\"auto\" data-message-author-role=\"assistant\" data-message-id=\"09799541-22e9-44ba-98b1-334034fd5860\" data-message-model-slug=\"gpt-4-1-mini\">\n<div class=\"flex w-full flex-col gap-1 empty:hidden first:pt-[3px]\">\n<div class=\"markdown prose dark:prose-invert w-full break-words light\">\n<p data-start=\"0\" data-end=\"339\" data-is-last-node=\"\" data-is-only-node=\"\">Tetov\u00e1n\u00ed s jah\u016fdkami symbolizuje radost, ml\u00e1d\u00ed a sladkost \u017eivota. Jahody se \u010dasto spojuj\u00ed s letn\u00ed bezstarostnost\u00ed, p\u0159irozenou kr\u00e1sou a pozitivn\u00ed energi\u00ed. Mohou tak\u00e9 vyjad\u0159ovat jemnost a nevinnost, a z\u00e1rove\u0148 sv\u016fdnou p\u0159ita\u017elivost. Takov\u00fd vzor je lehk\u00fd, vesel\u00fd a pln\u00fd \u017eivota, \u010dasto p\u0159ipom\u00ednaj\u00edc\u00ed, abychom si v\u00e1\u017eili mal\u00fdch radost\u00ed.   <\/p>\n<\/div>\n<\/div>\n<\/div>\n<\/div>\n<div class=\"mx-[var(--mini-thread-content-inset)]\">\n<div class=\"flex min-h-[46px] justify-start\"><\/div>\n<\/div>\n<\/div>\n<\/div>\n<\/article>\n<div class=\"pointer-events-none h-px w-px\" aria-hidden=\"true\" data-edge=\"true\"><\/div>\n","protected":false},"excerpt":{"rendered":"<p>Tetov\u00e1n\u00ed s jah\u016fdkami symbolizuje radost, ml\u00e1d\u00ed a sladkost \u017eivota. Jahody se \u010dasto spojuj\u00ed s letn\u00ed bezstarostnost\u00ed, p\u0159irozenou kr\u00e1sou a pozitivn\u00ed energi\u00ed. Mohou tak\u00e9 vyjad\u0159ovat jemnost a nevinnost, a z\u00e1rove\u0148 sv\u016fdnou p\u0159ita\u017elivost. Takov\u00fd vzor je lehk\u00fd, vesel\u00fd a pln\u00fd \u017eivota, \u010dasto p\u0159ipom\u00ednaj\u00edc\u00ed, abychom si v\u00e1\u017eili mal\u00fdch radost\u00ed.<\/p>\n","protected":false},"featured_media":20505,"template":"","meta":{"_monsterinsights_skip_tracking":false,"_monsterinsights_sitenote_active":false,"_monsterinsights_sitenote_note":"","_monsterinsights_sitenote_category":0,"_kadence_starter_templates_imported_post":false,"_kad_post_transparent":"","_kad_post_title":"","_kad_post_layout":"","_kad_post_sidebar_id":"","_kad_post_content_style":"","_kad_post_vertical_padding":"","_kad_post_feature":"","_kad_post_feature_position":"","_kad_post_header":false,"_kad_post_footer":false,"_kad_post_classname":""},"product_brand":[],"product_cat":[84,77],"product_tag":[],"class_list":{"0":"post-20504","1":"product","2":"type-product","3":"status-publish","4":"has-post-thumbnail","6":"product_cat-minimalisticke","7":"product_cat-vse","9":"first","10":"instock","11":"taxable","12":"shipping-taxable","13":"purchasable","14":"product-type-simple","15":"entry","16":"content-bg","17":"loop-entry"},"jetpack_sharing_enabled":true,"_links":{"self":[{"href":"https:\/\/herbaltattoo.eu\/cs\/wp-json\/wp\/v2\/product\/20504","targetHints":{"allow":["GET"]}}],"collection":[{"href":"https:\/\/herbaltattoo.eu\/cs\/wp-json\/wp\/v2\/product"}],"about":[{"href":"https:\/\/herbaltattoo.eu\/cs\/wp-json\/wp\/v2\/types\/product"}],"wp:featuredmedia":[{"embeddable":true,"href":"https:\/\/herbaltattoo.eu\/cs\/wp-json\/wp\/v2\/media\/20505"}],"wp:attachment":[{"href":"https:\/\/herbaltattoo.eu\/cs\/wp-json\/wp\/v2\/media?parent=20504"}],"wp:term":[{"taxonomy":"product_brand","embeddable":true,"href":"https:\/\/herbaltattoo.eu\/cs\/wp-json\/wp\/v2\/product_brand?post=20504"},{"taxonomy":"product_cat","embeddable":true,"href":"https:\/\/herbaltattoo.eu\/cs\/wp-json\/wp\/v2\/product_cat?post=20504"},{"taxonomy":"product_tag","embeddable":true,"href":"https:\/\/herbaltattoo.eu\/cs\/wp-json\/wp\/v2\/product_tag?post=20504"}],"curies":[{"name":"wp","href":"https:\/\/api.w.org\/{rel}","templated":true}]}}