{"id":20498,"date":"2025-07-26T22:04:52","date_gmt":"2025-07-26T20:04:52","guid":{"rendered":"https:\/\/herbaltattoo.eu\/produkt\/vazka\/"},"modified":"2026-02-15T18:27:56","modified_gmt":"2026-02-15T17:27:56","slug":"vazka","status":"publish","type":"product","link":"https:\/\/herbaltattoo.eu\/cs\/produkt\/vazka\/","title":{"rendered":"V\u00e1\u017eka"},"content":{"rendered":"<article class=\"text-token-text-primary w-full focus:outline-none scroll-mt-[calc(var(--header-height)+min(200px,max(70px,20svh)))]\" dir=\"auto\" tabindex=\"-1\" data-testid=\"conversation-turn-30\" data-scroll-anchor=\"true\" data-turn=\"assistant\">\n<div class=\"text-base my-auto mx-auto pb-10 [--thread-content-margin:--spacing(4)] @[37rem]:[--thread-content-margin:--spacing(6)] @[72rem]:[--thread-content-margin:--spacing(16)] px-(--thread-content-margin)\">\n<div class=\"[--thread-content-max-width:32rem] @[34rem]:[--thread-content-max-width:40rem] @[64rem]:[--thread-content-max-width:48rem] mx-auto max-w-(--thread-content-max-width) flex-1 group\/turn-messages focus-visible:outline-hidden relative flex w-full min-w-0 flex-col agent-turn\" tabindex=\"-1\">\n<div class=\"flex max-w-full flex-col grow\">\n<div class=\"min-h-8 text-message relative flex w-full flex-col items-end gap-2 text-start break-words whitespace-normal [.text-message+&amp;]:mt-5\" dir=\"auto\" data-message-author-role=\"assistant\" data-message-id=\"45b18400-f792-4cc5-8c4b-ea2e3607e4d9\" data-message-model-slug=\"gpt-4-1-mini\">\n<div class=\"flex w-full flex-col gap-1 empty:hidden first:pt-[3px]\">\n<div class=\"markdown prose dark:prose-invert w-full break-words light\">\n<p data-start=\"0\" data-end=\"415\" data-is-last-node=\"\" data-is-only-node=\"\">Tetov\u00e1n\u00ed s v\u00e1\u017ekou symbolizuje prom\u011bnu, lehkost a schopnost rychle se p\u0159izp\u016fsobit zm\u011bn\u00e1m v \u017eivot\u011b. V\u00e1\u017eka se tak\u00e9 spojuje se svobodou a duchovnost\u00ed, \u010dasto p\u0159edstavuje rovnov\u00e1hu mezi materi\u00e1ln\u00edm a duchovn\u00edm sv\u011btem. V mnoha kultur\u00e1ch je v\u00e1\u017eka symbolem odvahy a magie, ale tak\u00e9 pom\u00edjivosti okam\u017eiku, p\u0159ipom\u00edn\u00e1 k\u0159ehkost \u017eivota. Takov\u00e9 tetov\u00e1n\u00ed m\u016f\u017ee vyjad\u0159ovat vnit\u0159n\u00ed s\u00edlu a p\u0159ipravenost na nov\u00e9 v\u00fdzvy.<\/p>\n<\/div>\n<\/div>\n<\/div>\n<\/div>\n<div class=\"mx-[var(--mini-thread-content-inset)]\">\n<div class=\"flex min-h-[46px] justify-start\"><\/div>\n<\/div>\n<div class=\"aria-live=polite absolute\">\n<div class=\"flex items-center justify-center\"><\/div>\n<\/div>\n<\/div>\n<\/div>\n<\/article>\n<div class=\"pointer-events-none h-px w-px\" aria-hidden=\"true\" data-edge=\"true\"><\/div>\n","protected":false},"excerpt":{"rendered":"<p>Tetov\u00e1n\u00ed s v\u00e1\u017ekou symbolizuje prom\u011bnu, lehkost a schopnost rychle se p\u0159izp\u016fsobit zm\u011bn\u00e1m v \u017eivot\u011b. V\u00e1\u017eka se tak\u00e9 spojuje se svobodou a duchovnost\u00ed, \u010dasto p\u0159edstavuje rovnov\u00e1hu mezi materi\u00e1ln\u00edm a duchovn\u00edm sv\u011btem. V mnoha kultur\u00e1ch je v\u00e1\u017eka symbolem odvahy a magie, ale tak\u00e9 pom\u00edjivosti okam\u017eiku, p\u0159ipom\u00edn\u00e1 k\u0159ehkost \u017eivota. Takov\u00e9 tetov\u00e1n\u00ed m\u016f\u017ee vyjad\u0159ovat vnit\u0159n\u00ed s\u00edlu a p\u0159ipravenost na&#8230;<\/p>\n","protected":false},"featured_media":20499,"template":"","meta":{"_monsterinsights_skip_tracking":false,"_monsterinsights_sitenote_active":false,"_monsterinsights_sitenote_note":"","_monsterinsights_sitenote_category":0,"_kadence_starter_templates_imported_post":false,"_kad_post_transparent":"","_kad_post_title":"","_kad_post_layout":"","_kad_post_sidebar_id":"","_kad_post_content_style":"","_kad_post_vertical_padding":"","_kad_post_feature":"","_kad_post_feature_position":"","_kad_post_header":false,"_kad_post_footer":false,"_kad_post_classname":""},"product_brand":[],"product_cat":[84,77],"product_tag":[],"class_list":{"0":"post-20498","1":"product","2":"type-product","3":"status-publish","4":"has-post-thumbnail","6":"product_cat-minimalisticke","7":"product_cat-vse","9":"first","10":"outofstock","11":"taxable","12":"shipping-taxable","13":"purchasable","14":"product-type-simple","15":"entry","16":"content-bg","17":"loop-entry"},"jetpack_sharing_enabled":true,"_links":{"self":[{"href":"https:\/\/herbaltattoo.eu\/cs\/wp-json\/wp\/v2\/product\/20498","targetHints":{"allow":["GET"]}}],"collection":[{"href":"https:\/\/herbaltattoo.eu\/cs\/wp-json\/wp\/v2\/product"}],"about":[{"href":"https:\/\/herbaltattoo.eu\/cs\/wp-json\/wp\/v2\/types\/product"}],"wp:featuredmedia":[{"embeddable":true,"href":"https:\/\/herbaltattoo.eu\/cs\/wp-json\/wp\/v2\/media\/20499"}],"wp:attachment":[{"href":"https:\/\/herbaltattoo.eu\/cs\/wp-json\/wp\/v2\/media?parent=20498"}],"wp:term":[{"taxonomy":"product_brand","embeddable":true,"href":"https:\/\/herbaltattoo.eu\/cs\/wp-json\/wp\/v2\/product_brand?post=20498"},{"taxonomy":"product_cat","embeddable":true,"href":"https:\/\/herbaltattoo.eu\/cs\/wp-json\/wp\/v2\/product_cat?post=20498"},{"taxonomy":"product_tag","embeddable":true,"href":"https:\/\/herbaltattoo.eu\/cs\/wp-json\/wp\/v2\/product_tag?post=20498"}],"curies":[{"name":"wp","href":"https:\/\/api.w.org\/{rel}","templated":true}]}}