{"id":21133,"date":"2025-01-15T16:53:21","date_gmt":"2025-01-15T15:53:21","guid":{"rendered":"https:\/\/herbaltattoo.eu\/vraceni-zbozi\/"},"modified":"2026-02-25T18:38:52","modified_gmt":"2026-02-25T17:38:52","slug":"vraceni-zbozi","status":"publish","type":"page","link":"https:\/\/herbaltattoo.eu\/cs\/vraceni-zbozi\/","title":{"rendered":"Vr\u00e1cen\u00ed zbo\u017e\u00ed"},"content":{"rendered":"\n<h1 class=\"wp-block-heading\">Vr\u00e1cen\u00ed zbo\u017e\u00ed, odstoupen\u00ed od smlouvy a reklamace<\/h1>\n\n<h2 class=\"wp-block-heading\">Pr\u00e1vo na odstoupen\u00ed od smlouvy<\/h2>\n\n<p>V souladu se z\u00e1konem o pr\u00e1vech spot\u0159ebitel\u016f m\u00e1 spot\u0159ebitel pr\u00e1vo odstoupit od smlouvy uzav\u0159en\u00e9 na d\u00e1lku (nap\u0159. p\u0159es internet) do <strong>14 kalend\u00e1\u0159n\u00edch dn\u016f<\/strong> bez ud\u00e1n\u00ed d\u016fvodu.<\/p>\n\n<p>Lh\u016fta b\u011b\u017e\u00ed ode dne, kdy spot\u0159ebitel nebo j\u00edm ur\u010den\u00e1 osoba (jin\u00e1 ne\u017e dopravce) p\u0159evzala produkt do sv\u00e9ho dr\u017een\u00ed.<\/p>\n\n<h2 class=\"wp-block-heading\">Jak vyu\u017e\u00edt pr\u00e1vo na odstoupen\u00ed od smlouvy<\/h2>\n\n<p>Aby vyu\u017e\u00edt pr\u00e1va na odstoupen\u00ed od smlouvy, spot\u0159ebitel by m\u011bl:<\/p>\n\n<ol class=\"wp-block-list\">\n<li>Podat prohl\u00e1\u0161en\u00ed o odstoupen\u00ed (nap\u0159. e-mailem na adresu:<a><strong> kontakt@herbaltattoo.eu<\/strong><\/a>), <\/li>\n\n\n\n<li>Produkt za\u0161lete na adresu:<br\/><strong><strong><strong>TATUA\u017bE ZIO\u0141OWE PATRYK BARTKIEWICZ<\/strong><\/strong><\/strong><br\/>ul. Tysi\u0105clecia Pa\u0144stwa Polskiego 29<br\/>72-500 Mi\u0119dzyzdroje, Polsk\u00e1 <\/li>\n<\/ol>\n\n<p>Vr\u00e1cen\u00ed zbo\u017e\u00ed by m\u011blo prob\u011bhnout nejpozd\u011bji do <strong>14 dn\u016f od pod\u00e1n\u00ed prohl\u00e1\u0161en\u00ed o odstoupen\u00ed od smlouvy.<\/strong><\/p>\n\n<h2 class=\"wp-block-heading\">N\u00e1klady na vr\u00e1cen\u00ed zbo\u017e\u00ed<\/h2>\n\n<ul class=\"wp-block-list\">\n<li>N\u00e1klady na vr\u00e1cen\u00ed zbo\u017e\u00ed hrad\u00ed spot\u0159ebitel, pokud se obchod v\u00fdslovn\u011b nezav\u00e1\u017ee tyto n\u00e1klady uhradit.<\/li>\n\n\n\n<li>Obchod vr\u00e1t\u00ed v\u0161echny platby p\u0159ijat\u00e9 od spot\u0159ebitele, v\u010detn\u011b n\u00e1klad\u016f na dopravu, a\u017e do v\u00fd\u0161e nejlevn\u011bj\u0161\u00ed nab\u00edzen\u00e9 metody dopravy.<\/li>\n<\/ul>\n\n<h2 class=\"wp-block-heading\">Vr\u00e1cen\u00ed finan\u010dn\u00edch prost\u0159edk\u016f<\/h2>\n\n<p>Vr\u00e1cen\u00ed platby prob\u011bhne n<strong>ejpozd\u011bji do 14 dn\u016f<\/strong> od data obdr\u017een\u00ed prohl\u00e1\u0161en\u00ed o odstoupen\u00ed od smlouvy. Obchod m\u016f\u017ee pozastavit vr\u00e1cen\u00ed pen\u011bz do doby, ne\u017e obdr\u017e\u00ed zbo\u017e\u00ed nebo doklad o jeho odesl\u00e1n\u00ed. <\/p>\n\n<p>Vr\u00e1cen\u00ed pen\u011bz bude provedeno stejn\u00fdm zp\u016fsobem, jak\u00fdm spot\u0159ebitel zaplatil, pokud spot\u0159ebitel nesouhlas\u00ed s jin\u00fdm zp\u016fsobem.<\/p>\n\n<h2 class=\"wp-block-heading\">Podm\u00ednky p\u0159ijet\u00ed vr\u00e1cen\u00ed zbo\u017e\u00ed<\/h2>\n\n<p>Vracen\u00fd produkt by m\u011bl:<\/p>\n\n<ul class=\"wp-block-list\">\n<li>b\u00fdt v neporu\u0161en\u00e9m stavu, bez zn\u00e1mek pou\u017e\u00edv\u00e1n\u00ed,<\/li>\n\n\n\n<li>b\u00fdt v p\u016fvodn\u00edm obalu (pokud je to relevantn\u00ed),<\/li>\n\n\n\n<li>obsahovat ve\u0161ker\u00e9 p\u0159\u00edslu\u0161enstv\u00ed a sou\u010d\u00e1sti sady (pokud byly p\u0159ilo\u017eeny).<\/li>\n<\/ul>\n\n<h2 class=\"wp-block-heading\">Produkty vylou\u010den\u00e9 z pr\u00e1va na vr\u00e1cen\u00ed<\/h2>\n\n<p>Pr\u00e1vo odstoupit od smlouvy se nevztahuje mimo jin\u00e9 na n\u00e1sleduj\u00edc\u00ed p\u0159\u00edpady: <\/p>\n\n<ul class=\"wp-block-list\">\n<li>v\u00fdrobky vyroben\u00e9 podle specifikace spot\u0159ebitele nebo v\u00fdslovn\u011b p\u0159izp\u016fsoben\u00e9,<\/li>\n\n\n\n<li>v\u00fdrobky, kter\u00e9 se rychle kaz\u00ed nebo maj\u00ed kr\u00e1tkou trvanlivost,<\/li>\n\n\n\n<li>zape\u010det\u011bn\u00fdch v\u00fdrobk\u016f, kter\u00e9 nelze po otev\u0159en\u00ed vr\u00e1tit z d\u016fvodu ochrany zdrav\u00ed nebo hygieny (nap\u0159. spodn\u00ed pr\u00e1dlo, kosmetika),<\/li>\n\n\n\n<li>zvukov\u00fdch a obrazov\u00fdch nahr\u00e1vek nebo po\u010d\u00edta\u010dov\u00fdch program\u016f v zape\u010det\u011bn\u00e9m obalu, pokud byl po dod\u00e1n\u00ed otev\u0159en.<\/li>\n<\/ul>\n\n<h2 class=\"wp-block-heading\">Reklamace<\/h2>\n\n<p>Pokud je v\u00fdrobek vadn\u00fd, m\u00e1 spot\u0159ebitel pr\u00e1vo uplatnit reklamaci v r\u00e1mci z\u00e1ruky do <strong>2 let<\/strong> od data n\u00e1kupu.<\/p>\n\n<p>Reklamace lze zas\u00edlat na adresu: <strong><a>kontakt@herbaltattoo.eu<\/a><\/strong> nebo p\u00edsemn\u011b na adresu obchodu.<\/p>\n\n<p>Reklamace jsou vy\u0159izov\u00e1ny do <strong>14 kalend\u00e1\u0159n\u00edch dn\u016f <\/strong>od jejich p\u0159ijet\u00ed.<\/p>\n\n<h2 class=\"wp-block-heading\">Kontakt ohledn\u011b vr\u00e1cen\u00ed zbo\u017e\u00ed a reklamac\u00ed<\/h2>\n\n<ul class=\"wp-block-list\">\n<li>e-mail: <strong><a>kontakt@herbaltattoo.eu<\/a><\/strong><\/li>\n\n\n\n<li>telefon: <strong>+49 15231646377<\/strong><\/li>\n<\/ul>\n\n<hr class=\"wp-block-separator has-alpha-channel-opacity\"\/>\n\n<h1 class=\"wp-block-heading\">P\u0159\u00edloha \u2013 Formul\u00e1\u0159 odstoupen\u00ed od smlouvy<\/h1>\n\n<p>(Formul\u00e1\u0159 je t\u0159eba vyplnit a odeslat pouze v p\u0159\u00edpad\u011b, \u017ee chcete odstoupit od smlouvy)<\/p>\n\n<p>Adres\u00e1t:<br\/><strong><strong><strong>TATUA\u017bE ZIO\u0141OWE PATRYK BARTKIEWICZ<\/strong><\/strong><\/strong><br\/>ul. Tysi\u0105clecia Pa\u0144stwa Polskiego 29<br\/>72-500 Mi\u0119dzyzdroje, Polsk\u00e1<br\/>e-mail: <strong><a>kontakt@herbaltattoo.eu<\/a><\/strong> <\/p>\n\n<hr class=\"wp-block-separator has-alpha-channel-opacity\"\/>\n\n<p><strong>FORMUL\u00c1\u0158<\/strong><\/p>\n\n<p>J\u00e1\/My() &#8230;&#8230;&#8230;&#8230;&#8230;&#8230;&#8230;&#8230;&#8230;&#8230;&#8230;&#8230;&#8230;&#8230;&#8230;&#8230;&#8230;&#8230;&#8230;&#8230;&#8230;&#8230;&#8230;&#8230;&#8230;&#8230;&#8230;&#8230;&#8230;&#8230;&#8230;&#8230; &#8230;&#8230;&#8230;&#8230;.<br\/>t<em>\u00edmto oznamuji\/oznamujeme() <\/em>odstoupen\u00ed od smlouvy o prodeji n\u00e1sleduj\u00edc\u00edch v\u011bc\u00ed:<\/p>\n\n<p>&#8230;&#8230;&#8230;&#8230;&#8230;&#8230;&#8230;&#8230;&#8230;&#8230;&#8230;&#8230;&#8230;&#8230;&#8230;&#8230;&#8230;&#8230;&#8230;&#8230;&#8230;&#8230;&#8230;&#8230;&#8230;&#8230;&#8230;&#8230;&#8230;&#8230;&#8230;&#8230;&#8230;. &#8230;&#8230;&#8230;&#8230;&#8230;..<br\/>(n\u00e1zev zbo\u017e\u00ed, popis, datum n\u00e1kupu)<\/p>\n\n<p>Datum uzav\u0159en\u00ed <em>smlouvy()\/p\u0159evzet\u00ed()<\/em> &#8230;&#8230;&#8230;&#8230;&#8230;&#8230;&#8230;&#8230;&#8230;&#8230;&#8230;&#8230;&#8230;&#8230;&#8230;&#8230;..<\/p>\n\n<p>Jm\u00e9no a p\u0159\u00edjmen\u00ed spot\u0159ebitele (spot\u0159ebitel\u016f) &#8230;&#8230;&#8230;&#8230;&#8230;&#8230;&#8230;&#8230;&#8230;&#8230;&#8230;&#8230;&#8230;&#8230;&#8230;&#8230;..<\/p>\n\n<p>Adresa spot\u0159ebitele (spot\u0159ebitel\u016f) &#8230;&#8230;&#8230;&#8230;&#8230;&#8230;&#8230;&#8230;&#8230;&#8230;&#8230;&#8230;&#8230;&#8230;&#8230;&#8230;&#8230;&#8230;&#8230;&#8230;&#8230;..<\/p>\n\n<p>Podpis spot\u0159ebitele (spot\u0159ebitel\u016f) (pouze v p\u0159\u00edpad\u011b pap\u00edrov\u00e9 verze formul\u00e1\u0159e)<\/p>\n\n<p>Datum &#8230;&#8230;&#8230;&#8230;&#8230;&#8230;&#8230;&#8230;&#8230;&#8230;&#8230;&#8230;&#8230;&#8230;&#8230;&#8230;&#8230;&#8230;&#8230;&#8230;&#8230;..<\/p>\n\n<p>(*) nepot\u0159ebn\u00e9 \u0161krtn\u011bte<\/p>\n","protected":false},"excerpt":{"rendered":"<p>Vr\u00e1cen\u00ed zbo\u017e\u00ed, odstoupen\u00ed od smlouvy a reklamace Pr\u00e1vo na odstoupen\u00ed od smlouvy V souladu se z\u00e1konem o pr\u00e1vech spot\u0159ebitel\u016f m\u00e1 spot\u0159ebitel pr\u00e1vo odstoupit od smlouvy uzav\u0159en\u00e9 na d\u00e1lku (nap\u0159. p\u0159es internet) do 14 kalend\u00e1\u0159n\u00edch dn\u016f bez ud\u00e1n\u00ed d\u016fvodu. Lh\u016fta b\u011b\u017e\u00ed ode dne, kdy spot\u0159ebitel nebo j\u00edm ur\u010den\u00e1 osoba (jin\u00e1 ne\u017e dopravce) p\u0159evzala produkt do sv\u00e9ho&#8230;<\/p>\n","protected":false},"author":1,"featured_media":0,"parent":0,"menu_order":0,"comment_status":"closed","ping_status":"closed","template":"","meta":{"_monsterinsights_skip_tracking":false,"_monsterinsights_sitenote_active":false,"_monsterinsights_sitenote_note":"","_monsterinsights_sitenote_category":0,"_kadence_starter_templates_imported_post":false,"_kad_post_transparent":"","_kad_post_title":"","_kad_post_layout":"","_kad_post_sidebar_id":"","_kad_post_content_style":"","_kad_post_vertical_padding":"","_kad_post_feature":"","_kad_post_feature_position":"","_kad_post_header":false,"_kad_post_footer":false,"_kad_post_classname":"","footnotes":""},"class_list":["post-21133","page","type-page","status-publish","hentry"],"jetpack_sharing_enabled":true,"_links":{"self":[{"href":"https:\/\/herbaltattoo.eu\/cs\/wp-json\/wp\/v2\/pages\/21133","targetHints":{"allow":["GET"]}}],"collection":[{"href":"https:\/\/herbaltattoo.eu\/cs\/wp-json\/wp\/v2\/pages"}],"about":[{"href":"https:\/\/herbaltattoo.eu\/cs\/wp-json\/wp\/v2\/types\/page"}],"author":[{"embeddable":true,"href":"https:\/\/herbaltattoo.eu\/cs\/wp-json\/wp\/v2\/users\/1"}],"replies":[{"embeddable":true,"href":"https:\/\/herbaltattoo.eu\/cs\/wp-json\/wp\/v2\/comments?post=21133"}],"version-history":[{"count":3,"href":"https:\/\/herbaltattoo.eu\/cs\/wp-json\/wp\/v2\/pages\/21133\/revisions"}],"predecessor-version":[{"id":22205,"href":"https:\/\/herbaltattoo.eu\/cs\/wp-json\/wp\/v2\/pages\/21133\/revisions\/22205"}],"wp:attachment":[{"href":"https:\/\/herbaltattoo.eu\/cs\/wp-json\/wp\/v2\/media?parent=21133"}],"curies":[{"name":"wp","href":"https:\/\/api.w.org\/{rel}","templated":true}]}}