{"id":21083,"date":"2025-01-15T17:53:36","date_gmt":"2025-01-15T16:53:36","guid":{"rendered":"https:\/\/herbaltattoo.eu\/zasady-prepravy\/"},"modified":"2026-01-24T18:28:48","modified_gmt":"2026-01-24T17:28:48","slug":"zasady-prepravy","status":"publish","type":"page","link":"https:\/\/herbaltattoo.eu\/cs\/zasady-prepravy\/","title":{"rendered":"Z\u00e1sady p\u0159epravy"},"content":{"rendered":"\t\t<div data-elementor-type=\"wp-page\" data-elementor-id=\"21083\" class=\"elementor elementor-21083 elementor-2199\">\n\t\t\t\t<div class=\"elementor-element elementor-element-17220f78 e-flex e-con-boxed e-con e-parent\" data-id=\"17220f78\" data-element_type=\"container\" data-e-type=\"container\">\n\t\t\t\t\t<div class=\"e-con-inner\">\n\t\t\t\t<div class=\"elementor-element elementor-element-50cab4e6 elementor-widget elementor-widget-text-editor\" data-id=\"50cab4e6\" data-element_type=\"widget\" data-e-type=\"widget\" data-widget_type=\"text-editor.default\">\n\t\t\t\t<div class=\"elementor-widget-container\">\n\t\t\t\t\t\t\t\t\t<h1 data-start=\"258\" data-end=\"289\">Z\u00e1sady p\u0159epravy<\/h1><div><br><\/div>\n<h2 data-start=\"291\" data-end=\"322\">Doba realizace objedn\u00e1vky<\/h2>\n<p data-start=\"323\" data-end=\"474\">Objedn\u00e1vky jsou vy\u0159izov\u00e1ny do <strong data-start=\"357\" data-end=\"378\">1\u20133 pracovn\u00edch dn\u016f<\/strong> od okam\u017eiku n\u00e1kupu, pokud jsou v\u0161echny produkty v objedn\u00e1vce skladem.<\/p>\n<p data-start=\"476\" data-end=\"722\">V p\u0159\u00edpad\u011b objedn\u00e1vek zahrnuj\u00edc\u00edch produkty na speci\u00e1ln\u00ed objedn\u00e1vku nebo v situac\u00edch, kdy dod\u00e1n\u00ed z\u00e1vis\u00ed na faktorech nez\u00e1visl\u00fdch na obchod\u011b, se doba realizace m\u016f\u017ee prodlou\u017eit. O v\u0161ech zpo\u017ed\u011bn\u00edch bude z\u00e1kazn\u00edk neprodlen\u011b informov\u00e1n. <\/p>\n<h2 data-start=\"724\" data-end=\"743\">Zp\u016fsoby dopravy<\/h2>\n<p data-start=\"744\" data-end=\"827\">Nab\u00edz\u00edme n\u00e1sleduj\u00edc\u00ed mo\u017enosti doru\u010den\u00ed (doba doru\u010den\u00ed je obvykle 1\u20133 pracovn\u00ed dny):<\/p>\n<ul data-start=\"828\" data-end=\"901\">\n<li data-start=\"828\" data-end=\"846\">\n<p data-start=\"830\" data-end=\"846\">Kur\u00fdr InPost,<\/p>\n<\/li>\n<li data-start=\"847\" data-end=\"869\">\n<p data-start=\"849\" data-end=\"869\">InPost bal\u00edkov\u00e9 automaty,<\/p>\n<\/li>\n<li data-start=\"870\" data-end=\"885\">\n<p data-start=\"872\" data-end=\"885\">DPD Pickup,<\/p>\n<\/li>\n<li data-start=\"886\" data-end=\"901\">\n<p data-start=\"888\" data-end=\"901\">DPD Kur\u00fdr.<\/p>\n<\/li>\n<\/ul>\n<h2 data-start=\"903\" data-end=\"922\">Po\u0161tovn\u00e9<\/h2>\n<p data-start=\"923\" data-end=\"1117\">N\u00e1klady na dopravu z\u00e1vis\u00ed na hmotnosti a velikosti objedn\u00e1vky a zvolen\u00e9m zp\u016fsobu doru\u010den\u00ed. \u00dapln\u00e9 informace o n\u00e1kladech jsou uvedeny p\u0159i zad\u00e1v\u00e1n\u00ed objedn\u00e1vky \u2013<strong data-start=\"1084\" data-end=\"1114\"> p\u0159ed proveden\u00edm platby.<\/strong> <\/p>\n<h2 data-start=\"1119\" data-end=\"1145\">Zpo\u017ed\u011bn\u00ed dod\u00e1vky<\/h2>\n<p data-start=\"1146\" data-end=\"1456\">Sna\u017e\u00edme se, aby byly objedn\u00e1vky vy\u0159izov\u00e1ny v\u010das. Nezodpov\u00edd\u00e1me v\u0161ak za zpo\u017ed\u011bn\u00ed dod\u00e1vky zp\u016fsoben\u00e9 dopravci (nap\u0159. kur\u00fdrn\u00ed slu\u017ebou, po\u0161tou) nebo jin\u00fdmi okolnostmi, kter\u00e9 nem\u016f\u017eeme ovlivnit (nap\u0159. pov\u011btrnostn\u00ed podm\u00ednky, celn\u00ed probl\u00e9my). <\/p>\n<h2 data-start=\"1458\" data-end=\"1481\">Probl\u00e9my s dod\u00e1vkou<\/h2>\n<p data-start=\"1482\" data-end=\"1775\">Pokud z\u00e1silka nedoraz\u00ed v p\u0159edpokl\u00e1dan\u00e9m term\u00ednu nebo m\u00e1 viditeln\u00e9 vn\u011bj\u0161\u00ed po\u0161kozen\u00ed obalu, m\u011bl by z\u00e1kazn\u00edk neprodlen\u011b kontaktovat obchod na adrese: <strong data-start=\"1655\" data-end=\"1684\"><a class=\"cursor-pointer\" rel=\"noopener\" data-start=\"1657\" data-end=\"1682\">kontakt@herbaltattoo.eu<\/a><\/strong>. Obchod podnikne ve\u0161ker\u00e9 kroky k vy\u0159e\u0161en\u00ed probl\u00e9mu ve spolupr\u00e1ci s dopravcem. <\/p>\n<h2 data-start=\"1777\" data-end=\"1803\">Term of parcel collection<\/h2>\n<p data-start=\"1804\" data-end=\"2109\">Z\u00e1kazn\u00edk je povinen p\u0159evz\u00edt z\u00e1silku ve lh\u016ft\u011b stanoven\u00e9 p\u0159epravcem. V p\u0159\u00edpad\u011b, \u017ee z\u00e1silka nebude p\u0159evzata a bude vr\u00e1cena do obchodu, bude objedn\u00e1vka pova\u017eov\u00e1na za <strong data-start=\"1977\" data-end=\"1995\">nedoru\u010denou<\/strong>. Obchod se spoj\u00ed se z\u00e1kazn\u00edkem za \u00fa\u010delem dohodnut\u00ed dal\u0161\u00edho postupu (op\u011btovn\u00e9 odesl\u00e1n\u00ed nebo vr\u00e1cen\u00ed pen\u011bz).  <\/p>\n<p data-start=\"2111\" data-end=\"2198\"><img decoding=\"async\" draggable=\"false\" role=\"img\" class=\"emoji\" alt=\"\ud83d\udc49\" src=\"https:\/\/s.w.org\/images\/core\/emoji\/16.0.1\/svg\/1f449.svg\"> <strong data-start=\"2114\" data-end=\"2196\">Obchod ne\u00fa\u010dtuje \u017e\u00e1dn\u00e9 dodate\u010dn\u00e9 n\u00e1klady za nevyzvednutou z\u00e1silku.<\/strong><\/p>\n<h2 data-start=\"2200\" data-end=\"2237\">Odpov\u011bdnost z\u00e1kazn\u00edka za data<\/h2>\n<p data-start=\"2238\" data-end=\"2461\">Z\u00e1kazn\u00edk je povinen uv\u00e9st spr\u00e1vn\u00e9 kontaktn\u00ed \u00fadaje (doru\u010dovac\u00ed adresu, e-mailovou adresu, telefonn\u00ed \u010d\u00edslo). Obchod nenese odpov\u011bdnost za nedoru\u010den\u00ed z\u00e1silky v d\u016fsledku nespr\u00e1vn\u011b zadan\u00fdch \u00fadaj\u016f. <\/p>\n<h2 data-start=\"2463\" data-end=\"2488\">Reklamace a v\u00fdjimky<\/h2>\n<p data-start=\"2489\" data-end=\"2700\">V p\u0159\u00edpad\u011b probl\u00e9m\u016f s doru\u010den\u00edm z\u00e1silky (nap\u0159. ztr\u00e1ta, po\u0161kozen\u00ed z\u00e1silky) m\u00e1 z\u00e1kazn\u00edk pr\u00e1vo podat reklamaci. Reklamace jsou vy\u0159izov\u00e1ny do 14 kalend\u00e1\u0159n\u00edch dn\u016f od jejich p\u0159ijet\u00ed. <\/p>\n<p data-start=\"2702\" data-end=\"2845\">N\u00e1klady spojen\u00e9 s reklamac\u00ed a p\u0159\u00edpadn\u00fdm vr\u00e1cen\u00edm z\u00e1silky nejsou \u00fa\u010dtov\u00e1ny z\u00e1kazn\u00edkovi, pokud je probl\u00e9m zp\u016fsoben vinou obchodu nebo kur\u00fdrn\u00ed spole\u010dnosti.<\/p>\n<p data-start=\"2900\" data-end=\"3254\">\n<\/p><p><\/p>\n<p><\/p>\t\t\t\t\t\t\t\t<\/div>\n\t\t\t\t<\/div>\n\t\t\t\t\t<\/div>\n\t\t\t\t<\/div>\n\t\t\t\t<\/div>\n\t\t","protected":false},"excerpt":{"rendered":"<p>Z\u00e1sady p\u0159epravy Doba realizace objedn\u00e1vky Objedn\u00e1vky jsou vy\u0159izov\u00e1ny do 1\u20133 pracovn\u00edch dn\u016f od okam\u017eiku n\u00e1kupu, pokud jsou v\u0161echny produkty v objedn\u00e1vce skladem. V p\u0159\u00edpad\u011b objedn\u00e1vek zahrnuj\u00edc\u00edch produkty na speci\u00e1ln\u00ed objedn\u00e1vku nebo v situac\u00edch, kdy dod\u00e1n\u00ed z\u00e1vis\u00ed na faktorech nez\u00e1visl\u00fdch na obchod\u011b, se doba realizace m\u016f\u017ee prodlou\u017eit. O v\u0161ech zpo\u017ed\u011bn\u00edch bude z\u00e1kazn\u00edk neprodlen\u011b informov\u00e1n. Zp\u016fsoby dopravy&#8230;<\/p>\n","protected":false},"author":1,"featured_media":0,"parent":0,"menu_order":0,"comment_status":"closed","ping_status":"closed","template":"","meta":{"_monsterinsights_skip_tracking":false,"_monsterinsights_sitenote_active":false,"_monsterinsights_sitenote_note":"","_monsterinsights_sitenote_category":0,"_kadence_starter_templates_imported_post":false,"_kad_post_transparent":"","_kad_post_title":"","_kad_post_layout":"","_kad_post_sidebar_id":"","_kad_post_content_style":"","_kad_post_vertical_padding":"","_kad_post_feature":"","_kad_post_feature_position":"","_kad_post_header":false,"_kad_post_footer":false,"_kad_post_classname":"","footnotes":""},"class_list":["post-21083","page","type-page","status-publish","hentry"],"jetpack_sharing_enabled":true,"_links":{"self":[{"href":"https:\/\/herbaltattoo.eu\/cs\/wp-json\/wp\/v2\/pages\/21083","targetHints":{"allow":["GET"]}}],"collection":[{"href":"https:\/\/herbaltattoo.eu\/cs\/wp-json\/wp\/v2\/pages"}],"about":[{"href":"https:\/\/herbaltattoo.eu\/cs\/wp-json\/wp\/v2\/types\/page"}],"author":[{"embeddable":true,"href":"https:\/\/herbaltattoo.eu\/cs\/wp-json\/wp\/v2\/users\/1"}],"replies":[{"embeddable":true,"href":"https:\/\/herbaltattoo.eu\/cs\/wp-json\/wp\/v2\/comments?post=21083"}],"version-history":[{"count":1,"href":"https:\/\/herbaltattoo.eu\/cs\/wp-json\/wp\/v2\/pages\/21083\/revisions"}],"predecessor-version":[{"id":21084,"href":"https:\/\/herbaltattoo.eu\/cs\/wp-json\/wp\/v2\/pages\/21083\/revisions\/21084"}],"wp:attachment":[{"href":"https:\/\/herbaltattoo.eu\/cs\/wp-json\/wp\/v2\/media?parent=21083"}],"curies":[{"name":"wp","href":"https:\/\/api.w.org\/{rel}","templated":true}]}}