{"id":21043,"date":"2024-12-31T21:23:21","date_gmt":"2024-12-31T20:23:21","guid":{"rendered":"https:\/\/herbaltattoo.eu\/zasady-ochrany-osobnich-udaju\/"},"modified":"2026-02-25T18:33:03","modified_gmt":"2026-02-25T17:33:03","slug":"zasady-ochrany-osobnich-udaju","status":"publish","type":"page","link":"https:\/\/herbaltattoo.eu\/cs\/zasady-ochrany-osobnich-udaju\/","title":{"rendered":"Z\u00e1sady ochrany osobn\u00edch \u00fadaj\u016f"},"content":{"rendered":"\n<p class=\"has-text-align-center\"><\/p>\n\n<h2 class=\"wp-block-heading\">Spr\u00e1vce osobn\u00edch \u00fadaj\u016f<\/h2>\n\n<p>Spr\u00e1vcem va\u0161ich osobn\u00edch \u00fadaj\u016f je spole\u010dnost: <strong><strong>TATUA\u017bE ZIO\u0141OWE PATRYK BARTKIEWICZ<\/strong><\/strong>,<br\/>Polsk\u00e1, Mi\u0119dzyzdroje 72-500<br\/>ul. Tysi\u0105clecia Pa\u0144stwa Polskiego 29,<br\/>NIP: 9860265300, REGON: 541045794.<br\/>Telefonn\u00ed \u010d\u00edslo: <strong>+49 15231646377<\/strong>, e-mailov\u00e1 adresa: <strong><a>kontakt@herbaltattoo.eu<\/a><\/strong>.<\/p>\n\n<h2 class=\"wp-block-heading\">Rozsah shroma\u017e\u010fovan\u00fdch osobn\u00edch \u00fadaj\u016f<\/h2>\n\n<p>V r\u00e1mci \u010dinnosti internetov\u00e9ho obchodu shroma\u017e\u010fujeme n\u00e1sleduj\u00edc\u00ed osobn\u00ed \u00fadaje:<\/p>\n\n<ul class=\"wp-block-list\">\n<li>jm\u00e9no a p\u0159\u00edjmen\u00ed,<\/li>\n\n\n\n<li>e-mailov\u00e1 adresa,<\/li>\n\n\n\n<li>koresponden\u010dn\u00ed adresa,<\/li>\n\n\n\n<li>telefonn\u00ed \u010d\u00edslo,<\/li>\n\n\n\n<li>\u00fadaje do faktury (pokud se vztahuje),<\/li>\n\n\n\n<li>\u00fadaje o transakc\u00edch (informace o n\u00e1kupech, platb\u00e1ch).<\/li>\n<\/ul>\n\n<h2 class=\"wp-block-heading\">\u00da\u010del zpracov\u00e1n\u00ed osobn\u00edch \u00fadaj\u016f<\/h2>\n\n<p>Osobn\u00ed \u00fadaje jsou zpracov\u00e1v\u00e1ny pro n\u00e1sleduj\u00edc\u00ed \u00fa\u010dely:<\/p>\n\n<ul class=\"wp-block-list\">\n<li>realizace objedn\u00e1vek (v\u010detn\u011b odesl\u00e1n\u00ed zbo\u017e\u00ed),<\/li>\n\n\n\n<li>kontakt s klientem (stav objedn\u00e1vky, zm\u011bny, reklamace),<\/li>\n\n\n\n<li>pln\u011bn\u00ed povinnost\u00ed vypl\u00fdvaj\u00edc\u00edch z pr\u00e1vn\u00edch p\u0159edpis\u016f (nap\u0159. da\u0148ov\u00fdch),<\/li>\n\n\n\n<li>vlastn\u00ed marketing (na z\u00e1klad\u011b souhlasu),<\/li>\n\n\n\n<li>zas\u00edl\u00e1n\u00ed newsletteru (na z\u00e1klad\u011b souhlasu).<\/li>\n<\/ul>\n\n<h2 class=\"wp-block-heading\">Pr\u00e1vn\u00ed z\u00e1klad zpracov\u00e1n\u00ed \u00fadaj\u016f<\/h2>\n\n<p>Osobn\u00ed \u00fadaje jsou zpracov\u00e1v\u00e1ny na z\u00e1klad\u011b:<\/p>\n\n<ul class=\"wp-block-list\">\n<li>souhlas u\u017eivatele (\u010dl. 6 odst. 1 p\u00edsm. a) GDPR) \u2013 nap\u0159. newsletter,<\/li>\n\n\n\n<li>smlouvy uzav\u0159en\u00e9 mezi u\u017eivatelem a obchodem (\u010dl. 6 odst. 1 p\u00edsm. b) GDPR),<\/li>\n\n\n\n<li>pr\u00e1vn\u00edch povinnost\u00ed spr\u00e1vce (\u010dl. 6 odst. 1 p\u00edsm. c) GDPR).<\/li>\n<\/ul>\n\n<h2 class=\"wp-block-heading\">Dobrovolnost poskytnut\u00ed \u00fadaj\u016f<\/h2>\n\n<p>Poskytnut\u00ed osobn\u00edch \u00fadaj\u016f je <strong>dobrovoln\u00e9<\/strong>, ale nezbytn\u00e9 pro realizaci objedn\u00e1vky. Neposkytnut\u00ed \u00fadaj\u016f m\u016f\u017ee znemo\u017enit uzav\u0159en\u00ed a pln\u011bn\u00ed kupn\u00ed smlouvy. <\/p>\n\n<h2 class=\"wp-block-heading\">Doba uchov\u00e1v\u00e1n\u00ed \u00fadaj\u016f<\/h2>\n\n<p>Osobn\u00ed \u00fadaje budou uchov\u00e1v\u00e1ny:<\/p>\n\n<ul class=\"wp-block-list\">\n<li>po dobu nezbytnou k realizaci objedn\u00e1vky,<\/li>\n\n\n\n<li>po dobu vy\u017eadovanou pr\u00e1vn\u00edmi p\u0159edpisy (nap\u0159. 5 let u da\u0148ov\u00fdch \u00fadaj\u016f),<\/li>\n\n\n\n<li>v p\u0159\u00edpad\u011b zpracov\u00e1n\u00ed \u00fadaj\u016f na z\u00e1klad\u011b souhlasu \u2013 do okam\u017eiku jeho odvol\u00e1n\u00ed.<\/li>\n<\/ul>\n\n<h2 class=\"wp-block-heading\">P\u0159ed\u00e1v\u00e1n\u00ed \u00fadaj\u016f<\/h2>\n\n<p>Osobn\u00ed \u00fadaje mohou b\u00fdt p\u0159ed\u00e1ny n\u00e1sleduj\u00edc\u00edm subjekt\u016fm:<\/p>\n\n<ul class=\"wp-block-list\">\n<li>provozovatel\u016fm online plateb (nap\u0159. <strong>Przelewy24\/PayPro, VISA<\/strong>),<\/li>\n\n\n\n<li>kur\u00fdrn\u00edm a po\u0161tovn\u00edm spole\u010dnostem \u2013 za \u00fa\u010delem doru\u010den\u00ed objedn\u00e1vek,<\/li>\n\n\n\n<li>poskytovatel\u016fm IT slu\u017eeb a hostingu (v\u010detn\u011b poskytovatel\u016f e-commerce platforem, mailingov\u00fdch syst\u00e9m\u016f).<\/li>\n<\/ul>\n\n<h2 class=\"wp-block-heading\">Pr\u00e1va u\u017eivatel\u016f t\u00fdkaj\u00edc\u00ed se osobn\u00edch \u00fadaj\u016f<\/h2>\n\n<p>Ka\u017ed\u00fd u\u017eivatel m\u00e1 pr\u00e1vo:<\/p>\n\n<ul class=\"wp-block-list\">\n<li>p\u0159\u00edstupu k va\u0161im osobn\u00edm \u00fadaj\u016fm,<\/li>\n\n\n\n<li>opravu osobn\u00edch \u00fadaj\u016f,<\/li>\n\n\n\n<li>vymaz\u00e1n\u00ed \u00fadaj\u016f (\u201epr\u00e1vo b\u00fdt zapomenut\u201c),<\/li>\n\n\n\n<li>omezen\u00ed zpracov\u00e1n\u00ed,<\/li>\n\n\n\n<li>p\u0159enos dat jin\u00e9mu spr\u00e1vci,<\/li>\n\n\n\n<li>vzn\u00e1\u0161et n\u00e1mitky proti zpracov\u00e1n\u00ed \u00fadaj\u016f pro marketingov\u00e9 \u00fa\u010dely nebo v r\u00e1mci opr\u00e1vn\u011bn\u00fdch z\u00e1jm\u016f spr\u00e1vce,<\/li>\n\n\n\n<li>odvol\u00e1n\u00ed souhlasu se zpracov\u00e1n\u00edm \u00fadaj\u016f kdykoli (co\u017e nem\u00e1 vliv na z\u00e1konnost zpracov\u00e1n\u00ed p\u0159ed jeho odvol\u00e1n\u00edm),<\/li>\n\n\n\n<li>pod\u00e1n\u00ed st\u00ed\u017enosti k dozorov\u00e9mu org\u00e1nu \u2013 <strong>p\u0159edsedovi \u00da\u0159adu pro ochranu osobn\u00edch \u00fadaj\u016f (PUODO).<\/strong><\/li>\n<\/ul>\n\n<h2 class=\"wp-block-heading\">Profilov\u00e1n\u00ed a automatick\u00e9 rozhodov\u00e1n\u00ed<\/h2>\n\n<p>Osobn\u00ed \u00fadaje <strong>nejsou vyu\u017e\u00edv\u00e1ny k automatizovan\u00e9mu rozhodov\u00e1n\u00ed ani profilov\u00e1n\u00ed.<\/strong><\/p>\n\n<h2 class=\"wp-block-heading\">Bezpe\u010dnost osobn\u00edch \u00fadaj\u016f<\/h2>\n\n<p>\u00dadaje jsou chr\u00e1n\u011bny p\u0159\u00edslu\u0161n\u00fdmi technick\u00fdmi a organiza\u010dn\u00edmi opat\u0159en\u00edmi, v\u010detn\u011b \u0161ifrov\u00e1n\u00ed p\u0159enosu (SSL). K \u00fadaj\u016fm maj\u00ed p\u0159\u00edstup pouze osoby opr\u00e1vn\u011bn\u00e9 spr\u00e1vcem. <\/p>\n\n<h2 class=\"wp-block-heading\">Cookies<\/h2>\n\n<p>Internetov\u00fd obchod pou\u017e\u00edv\u00e1 soubory cookies, kter\u00e9 umo\u017e\u0148uj\u00ed spr\u00e1vn\u00e9 fungov\u00e1n\u00ed str\u00e1nek a shroma\u017e\u010fov\u00e1n\u00ed informac\u00ed o pou\u017e\u00edv\u00e1n\u00ed str\u00e1nek za \u00fa\u010delem anal\u00fdzy a zlep\u0161en\u00ed kvality slu\u017eeb. U\u017eivatel m\u016f\u017ee kdykoli spravovat soubory cookies v nastaven\u00ed sv\u00e9ho prohl\u00ed\u017ee\u010de.<br\/>Pokud obchod vyu\u017e\u00edv\u00e1 dal\u0161\u00ed n\u00e1stroje (nap\u0159. Google Analytics, Facebook Pixel), jejich fungov\u00e1n\u00ed by m\u011blo b\u00fdt pops\u00e1no v samostatn\u00e9 politice cookies. <\/p>\n\n<h2 class=\"wp-block-heading\">Kontakt v z\u00e1le\u017eitostech ochrany osobn\u00edch \u00fadaj\u016f<\/h2>\n\n<p>V z\u00e1le\u017eitostech t\u00fdkaj\u00edc\u00edch se ochrany osobn\u00edch \u00fadaj\u016f n\u00e1s pros\u00edm kontaktujte:<\/p>\n\n<ul class=\"wp-block-list\">\n<li>e-mail: <strong><a>kontakt@herbaltattoo.eu<\/a><\/strong><\/li>\n\n\n\n<li>telefonn\u00ed \u010d\u00edslo: <strong>+49 15231646377<\/strong><\/li>\n<\/ul>\n\n<h2 class=\"wp-block-heading\">Zm\u011bny v z\u00e1sad\u00e1ch ochrany osobn\u00edch \u00fadaj\u016f<\/h2>\n\n<p class=\"has-text-align-center\">Vyhrazujeme si pr\u00e1vo na zm\u011bny v z\u00e1sad\u00e1ch ochrany osobn\u00edch \u00fadaj\u016f. Zm\u011bny budou zve\u0159ejn\u011bny na t\u00e9to str\u00e1nce a v p\u0159\u00edpad\u011b podstatn\u00fdch zm\u011bn budou u\u017eivatel\u00e9 informov\u00e1ni prost\u0159ednictv\u00edm p\u0159\u00edslu\u0161n\u00e9ho ozn\u00e1men\u00ed na str\u00e1nk\u00e1ch obchodu. <\/p>\n","protected":false},"excerpt":{"rendered":"<p>Spr\u00e1vce osobn\u00edch \u00fadaj\u016f Spr\u00e1vcem va\u0161ich osobn\u00edch \u00fadaj\u016f je spole\u010dnost: TATUA\u017bE ZIO\u0141OWE PATRYK BARTKIEWICZ,Polsk\u00e1, Mi\u0119dzyzdroje 72-500ul. Tysi\u0105clecia Pa\u0144stwa Polskiego 29,NIP: 9860265300, REGON: 541045794.Telefonn\u00ed \u010d\u00edslo: +49 15231646377, e-mailov\u00e1 adresa: kontakt@herbaltattoo.eu. Rozsah shroma\u017e\u010fovan\u00fdch osobn\u00edch \u00fadaj\u016f V r\u00e1mci \u010dinnosti internetov\u00e9ho obchodu shroma\u017e\u010fujeme n\u00e1sleduj\u00edc\u00ed osobn\u00ed \u00fadaje: \u00da\u010del zpracov\u00e1n\u00ed osobn\u00edch \u00fadaj\u016f Osobn\u00ed \u00fadaje jsou zpracov\u00e1v\u00e1ny pro n\u00e1sleduj\u00edc\u00ed \u00fa\u010dely: Pr\u00e1vn\u00ed z\u00e1klad zpracov\u00e1n\u00ed&#8230;<\/p>\n","protected":false},"author":1,"featured_media":0,"parent":0,"menu_order":0,"comment_status":"closed","ping_status":"open","template":"","meta":{"_monsterinsights_skip_tracking":false,"_monsterinsights_sitenote_active":false,"_monsterinsights_sitenote_note":"","_monsterinsights_sitenote_category":0,"_kadence_starter_templates_imported_post":false,"_kad_post_transparent":"","_kad_post_title":"","_kad_post_layout":"","_kad_post_sidebar_id":"","_kad_post_content_style":"","_kad_post_vertical_padding":"","_kad_post_feature":"","_kad_post_feature_position":"","_kad_post_header":false,"_kad_post_footer":false,"_kad_post_classname":"","footnotes":""},"class_list":["post-21043","page","type-page","status-publish","hentry"],"jetpack_sharing_enabled":true,"_links":{"self":[{"href":"https:\/\/herbaltattoo.eu\/cs\/wp-json\/wp\/v2\/pages\/21043","targetHints":{"allow":["GET"]}}],"collection":[{"href":"https:\/\/herbaltattoo.eu\/cs\/wp-json\/wp\/v2\/pages"}],"about":[{"href":"https:\/\/herbaltattoo.eu\/cs\/wp-json\/wp\/v2\/types\/page"}],"author":[{"embeddable":true,"href":"https:\/\/herbaltattoo.eu\/cs\/wp-json\/wp\/v2\/users\/1"}],"replies":[{"embeddable":true,"href":"https:\/\/herbaltattoo.eu\/cs\/wp-json\/wp\/v2\/comments?post=21043"}],"version-history":[{"count":3,"href":"https:\/\/herbaltattoo.eu\/cs\/wp-json\/wp\/v2\/pages\/21043\/revisions"}],"predecessor-version":[{"id":22195,"href":"https:\/\/herbaltattoo.eu\/cs\/wp-json\/wp\/v2\/pages\/21043\/revisions\/22195"}],"wp:attachment":[{"href":"https:\/\/herbaltattoo.eu\/cs\/wp-json\/wp\/v2\/media?parent=21043"}],"curies":[{"name":"wp","href":"https:\/\/api.w.org\/{rel}","templated":true}]}}