{"id":21038,"date":"2020-10-26T11:38:49","date_gmt":"2020-10-26T10:38:49","guid":{"rendered":"https:\/\/herbaltattoo.eu\/o-nas\/"},"modified":"2026-01-24T17:41:25","modified_gmt":"2026-01-24T16:41:25","slug":"o-nas","status":"publish","type":"page","link":"https:\/\/herbaltattoo.eu\/cs\/o-nas\/","title":{"rendered":"O n\u00e1s"},"content":{"rendered":"\t\t<div data-elementor-type=\"wp-page\" data-elementor-id=\"21038\" class=\"elementor elementor-21038 elementor-492\">\n\t\t\t\t\t\t<section class=\"elementor-section elementor-top-section elementor-element elementor-element-447bb11 elementor-section-content-middle elementor-section-boxed elementor-section-height-default elementor-section-height-default\" data-id=\"447bb11\" data-element_type=\"section\" data-e-type=\"section\" data-settings=\"{&quot;background_background&quot;:&quot;classic&quot;}\">\n\t\t\t\t\t\t\t<div class=\"elementor-background-overlay\"><\/div>\n\t\t\t\t\t\t\t<div class=\"elementor-container elementor-column-gap-default\">\n\t\t\t\t\t<div class=\"elementor-column elementor-col-100 elementor-top-column elementor-element elementor-element-01b2a2e\" data-id=\"01b2a2e\" data-element_type=\"column\" data-e-type=\"column\">\n\t\t\t<div class=\"elementor-widget-wrap elementor-element-populated\">\n\t\t\t\t\t\t<div class=\"elementor-element elementor-element-5cf34b4 elementor-widget elementor-widget-heading\" data-id=\"5cf34b4\" data-element_type=\"widget\" data-e-type=\"widget\" data-widget_type=\"heading.default\">\n\t\t\t\t<div class=\"elementor-widget-container\">\n\t\t\t\t\t<h2 class=\"elementor-heading-title elementor-size-default\">Tetov\u00e1n\u00ed<br>polotrval\u00e9<br>na k\u016f\u017ei dva t\u00fddny!<\/h2>\t\t\t\t<\/div>\n\t\t\t\t<\/div>\n\t\t\t\t\t<\/div>\n\t\t<\/div>\n\t\t\t\t\t<\/div>\n\t\t<\/section>\n\t\t\t\t<section class=\"elementor-section elementor-top-section elementor-element elementor-element-f4ff7ab elementor-section-boxed elementor-section-height-default elementor-section-height-default\" data-id=\"f4ff7ab\" data-element_type=\"section\" data-e-type=\"section\">\n\t\t\t\t\t\t<div class=\"elementor-container elementor-column-gap-default\">\n\t\t\t\t\t<div class=\"elementor-column elementor-col-50 elementor-top-column elementor-element elementor-element-44539d7\" data-id=\"44539d7\" data-element_type=\"column\" data-e-type=\"column\">\n\t\t\t<div class=\"elementor-widget-wrap elementor-element-populated\">\n\t\t\t\t\t\t<div class=\"elementor-element elementor-element-59203da elementor-widget elementor-widget-heading\" data-id=\"59203da\" data-element_type=\"widget\" data-e-type=\"widget\" data-widget_type=\"heading.default\">\n\t\t\t\t<div class=\"elementor-widget-container\">\n\t\t\t\t\t<h3 class=\"elementor-heading-title elementor-size-default\">Bylinn\u00e9 tetov\u00e1n\u00ed<\/h3>\t\t\t\t<\/div>\n\t\t\t\t<\/div>\n\t\t\t\t<div class=\"elementor-element elementor-element-2583fa7 elementor-widget elementor-widget-text-editor\" data-id=\"2583fa7\" data-element_type=\"widget\" data-e-type=\"widget\" data-widget_type=\"text-editor.default\">\n\t\t\t\t<div class=\"elementor-widget-container\">\n\t\t\t\t\t\t\t\t\t<h5 data-start=\"182\" data-end=\"457\">Ahoj! Tady je herbaltattoo.eu \u2013 m\u00edsto pro ty, kte\u0159\u00ed se r\u00e1di odli\u0161uj\u00ed, m\u011bn\u00ed a bav\u00ed se stylem. Vytv\u00e1\u0159\u00edme <strong data-start=\"299\" data-end=\"320\">polotrval\u00e9 tetov\u00e1n\u00ed,<\/strong> kter\u00e9 vypad\u00e1 jako skute\u010dn\u00e9 a vydr\u017e\u00ed asi <strong data-start=\"378\" data-end=\"394\">dva t\u00fddny<\/strong>. \u017d\u00e1dn\u00e1 bolest, \u017e\u00e1dn\u00fd stres \u2013 jen \u010dist\u00e1 z\u00e1bava a kreativita!   <\/h5><h5 data-start=\"459\" data-end=\"696\">Na\u0161e tetov\u00e1n\u00ed jsou <strong data-start=\"476\" data-end=\"500\">bezpe\u010dn\u00e1 pro poko\u017eku, <strong data-start=\"502\" data-end=\"533\">dermatologicky testovan\u00e1<\/strong><\/strong> a maj\u00ed <strong data-start=\"541\" data-end=\"566\">bezpe\u010dnostn\u00ed zpr\u00e1vu<\/strong> a <strong data-start=\"572\" data-end=\"594\">registraci v CPNP<\/strong>. D\u00edky tomu si m\u016f\u017eete b\u00fdt jisti, \u017ee se jedn\u00e1 nejen o skv\u011bl\u00fd vzhled, ale tak\u00e9 o zcela bezpe\u010dn\u00fd produkt. <\/h5><h5 data-start=\"698\" data-end=\"870\">Jsou jemn\u00e9 a vhodn\u00e9 tak\u00e9 <strong data-start=\"731\" data-end=\"761\">pro d\u011bti od 3 let<\/strong> (pod dohledem dosp\u011bl\u00fdch) \u2013 hod\u00ed se tedy na ve\u010d\u00edrky, dovolen\u00e9 i rodinn\u00e9 oslavy.<\/h5><h5 data-start=\"872\" data-end=\"1093\">V herbaltattoo.eu v\u011b\u0159\u00edme, \u017ee tetov\u00e1n\u00ed je zp\u016fsob, jak vyj\u00e1d\u0159it s\u00e1m sebe \u2013 dnes m\u016f\u017eete b\u00fdt um\u011blec, z\u00edtra minimalista. M\u011bn\u00edte styl tak \u010dasto, jak chcete. My se postar\u00e1me o to, abyste se v\u017edy c\u00edtili dob\u0159e ve sv\u00e9 k\u016f\u017ei. \u2728<\/h5>\t\t\t\t\t\t\t\t<\/div>\n\t\t\t\t<\/div>\n\t\t\t\t\t<\/div>\n\t\t<\/div>\n\t\t\t\t<div class=\"elementor-column elementor-col-50 elementor-top-column elementor-element elementor-element-6d4acba\" data-id=\"6d4acba\" data-element_type=\"column\" data-e-type=\"column\">\n\t\t\t<div class=\"elementor-widget-wrap elementor-element-populated\">\n\t\t\t\t\t\t<div class=\"elementor-element elementor-element-07f52d4 elementor-widget elementor-widget-image\" data-id=\"07f52d4\" data-element_type=\"widget\" data-e-type=\"widget\" data-widget_type=\"image.default\">\n\t\t\t\t<div class=\"elementor-widget-container\">\n\t\t\t\t\t\t\t\t\t\t\t\t\t\t\t<img decoding=\"async\" src=\"https:\/\/herbaltattoo.eu\/wp-content\/uploads\/2025\/03\/19.webp\" title=\"19\" alt=\"19\" loading=\"lazy\" \/>\t\t\t\t\t\t\t\t\t\t\t\t\t\t\t<\/div>\n\t\t\t\t<\/div>\n\t\t\t\t\t<\/div>\n\t\t<\/div>\n\t\t\t\t\t<\/div>\n\t\t<\/section>\n\t\t\t\t<\/div>\n\t\t","protected":false},"excerpt":{"rendered":"<p>Tetov\u00e1n\u00edpolotrval\u00e9na k\u016f\u017ei dva t\u00fddny! Bylinn\u00e9 tetov\u00e1n\u00ed Ahoj! Tady je herbaltattoo.eu \u2013 m\u00edsto pro ty, kte\u0159\u00ed se r\u00e1di odli\u0161uj\u00ed, m\u011bn\u00ed a bav\u00ed se stylem. Vytv\u00e1\u0159\u00edme polotrval\u00e9 tetov\u00e1n\u00ed, kter\u00e9 vypad\u00e1 jako skute\u010dn\u00e9 a vydr\u017e\u00ed asi dva t\u00fddny. \u017d\u00e1dn\u00e1 bolest, \u017e\u00e1dn\u00fd stres \u2013 jen \u010dist\u00e1 z\u00e1bava a kreativita! Na\u0161e tetov\u00e1n\u00ed jsou bezpe\u010dn\u00e1 pro poko\u017eku, dermatologicky testovan\u00e1 a maj\u00ed&#8230;<\/p>\n","protected":false},"author":1,"featured_media":0,"parent":0,"menu_order":0,"comment_status":"closed","ping_status":"closed","template":"","meta":{"_monsterinsights_skip_tracking":false,"_monsterinsights_sitenote_active":false,"_monsterinsights_sitenote_note":"","_monsterinsights_sitenote_category":0,"_kadence_starter_templates_imported_post":false,"_kad_post_transparent":"","_kad_post_title":"","_kad_post_layout":"","_kad_post_sidebar_id":"","_kad_post_content_style":"","_kad_post_vertical_padding":"","_kad_post_feature":"","_kad_post_feature_position":"","_kad_post_header":false,"_kad_post_footer":false,"_kad_post_classname":"","footnotes":""},"class_list":["post-21038","page","type-page","status-publish","hentry"],"jetpack_sharing_enabled":true,"_links":{"self":[{"href":"https:\/\/herbaltattoo.eu\/cs\/wp-json\/wp\/v2\/pages\/21038","targetHints":{"allow":["GET"]}}],"collection":[{"href":"https:\/\/herbaltattoo.eu\/cs\/wp-json\/wp\/v2\/pages"}],"about":[{"href":"https:\/\/herbaltattoo.eu\/cs\/wp-json\/wp\/v2\/types\/page"}],"author":[{"embeddable":true,"href":"https:\/\/herbaltattoo.eu\/cs\/wp-json\/wp\/v2\/users\/1"}],"replies":[{"embeddable":true,"href":"https:\/\/herbaltattoo.eu\/cs\/wp-json\/wp\/v2\/comments?post=21038"}],"version-history":[{"count":1,"href":"https:\/\/herbaltattoo.eu\/cs\/wp-json\/wp\/v2\/pages\/21038\/revisions"}],"predecessor-version":[{"id":21039,"href":"https:\/\/herbaltattoo.eu\/cs\/wp-json\/wp\/v2\/pages\/21038\/revisions\/21039"}],"wp:attachment":[{"href":"https:\/\/herbaltattoo.eu\/cs\/wp-json\/wp\/v2\/media?parent=21038"}],"curies":[{"name":"wp","href":"https:\/\/api.w.org\/{rel}","templated":true}]}}